{"id":229238,"date":"2026-03-04T06:54:50","date_gmt":"2026-03-04T05:54:50","guid":{"rendered":"https:\/\/grupotextil.es\/producto\/oakdale-women\/"},"modified":"2026-04-19T04:06:54","modified_gmt":"2026-04-19T02:06:54","slug":"oakdale-women","status":"publish","type":"product","link":"https:\/\/grupotextil.es\/en\/product\/oakdale-women\/","title":{"rendered":"Oakdale Women"},"content":{"rendered":"<p>Sudadera deportiva con capucha con forro de malla y cord\u00f3n de ajuste. Bolsillo tipo canguro y otro adicional escondido con cremallera. El\u00e1stico en pu\u00f1os.<\/p>\n<p><strong>Composici\u00f3n:<\/strong> 100% poli\u00e9ster | <strong>Peso:<\/strong> 215 g\/m2 (color 92, 95: 240 g\/m2) | <strong>Tallas:<\/strong> XS-3XL<\/p>","protected":false},"excerpt":{"rendered":"<p>Sudadera deportiva con capucha con forro de malla y cord\u00f3n de ajuste. Bolsillo tipo canguro y otro adicional escondido con cremallera. El\u00e1stico en pu\u00f1os.<\/p>","protected":false},"featured_media":236114,"comment_status":"open","ping_status":"closed","template":"","meta":{"_acf_changed":false},"product_brand":[10446],"product_cat":[13980],"product_tag":[],"class_list":{"0":"post-229238","1":"product","2":"type-product","3":"status-publish","4":"has-post-thumbnail","6":"product_brand-clique","7":"product_cat-h-sudaderas","8":"tm-no-options","10":"first","11":"instock","12":"taxable","13":"shipping-taxable","14":"product-type-variable"},"acf":[],"_links":{"self":[{"href":"https:\/\/grupotextil.es\/en\/wp-json\/wp\/v2\/product\/229238","targetHints":{"allow":["GET"]}}],"collection":[{"href":"https:\/\/grupotextil.es\/en\/wp-json\/wp\/v2\/product"}],"about":[{"href":"https:\/\/grupotextil.es\/en\/wp-json\/wp\/v2\/types\/product"}],"replies":[{"embeddable":true,"href":"https:\/\/grupotextil.es\/en\/wp-json\/wp\/v2\/comments?post=229238"}],"wp:featuredmedia":[{"embeddable":true,"href":"https:\/\/grupotextil.es\/en\/wp-json\/wp\/v2\/media\/236114"}],"wp:attachment":[{"href":"https:\/\/grupotextil.es\/en\/wp-json\/wp\/v2\/media?parent=229238"}],"wp:term":[{"taxonomy":"product_brand","embeddable":true,"href":"https:\/\/grupotextil.es\/en\/wp-json\/wp\/v2\/product_brand?post=229238"},{"taxonomy":"product_cat","embeddable":true,"href":"https:\/\/grupotextil.es\/en\/wp-json\/wp\/v2\/product_cat?post=229238"},{"taxonomy":"product_tag","embeddable":true,"href":"https:\/\/grupotextil.es\/en\/wp-json\/wp\/v2\/product_tag?post=229238"}],"curies":[{"name":"wp","href":"https:\/\/api.w.org\/{rel}","templated":true}]}}