{"id":229271,"date":"2026-03-04T06:55:16","date_gmt":"2026-03-04T05:55:16","guid":{"rendered":"https:\/\/grupotextil.es\/producto\/pacer-m\/"},"modified":"2026-04-19T04:06:54","modified_gmt":"2026-04-19T02:06:54","slug":"pacer-m","status":"publish","type":"product","link":"https:\/\/grupotextil.es\/en\/product\/pacer-m\/","title":{"rendered":"Pacer M"},"content":{"rendered":"<p>Pacer es nuestra zapatilla de running de alto rendimiento m\u00e1s c\u00f3moda, que ofrece un rebote y una estabilidad excepcionales para una carrera suave y r\u00e1pida, por lo que es ideal para las carreras diarias y las sesiones de recuperaci\u00f3n.<\/p>\n<p>Una zapatilla de running de rendimiento avanzado que incorpora una versi\u00f3n m\u00e1s blanda de la exitosa Px Foam\u2122 en la entresuela, Pacer ofrece una pisada estable, con capacidad de respuesta y muy c\u00f3moda. Su construcci\u00f3n ligera proporciona una experiencia de rebote y energ\u00eda que te impulsa hacia adelante con cada zancada, mientras que su dise\u00f1o de suela m\u00ednima con patr\u00f3n de tacos hexagonales ofrece una excelente tracci\u00f3n en carretera para un agarre seguro en diversas superficies. Adem\u00e1s, la parte superior est\u00e1 fabricada con un material ligero y transpirable que proporciona un ajuste ce\u00f1ido y estable. Un dise\u00f1o elegante y una sensaci\u00f3n de ligereza hacen de la Pacer una elecci\u00f3n ideal para los corredores que buscan una zapatilla r\u00e1pida y \u00e1gil para correr a diario.<\/p>\n<p>Px Foam\u2122<\/p>\n<p>Px Foam\u2122 es un material de entresuela ultraligero que destaca por su retorno de energ\u00eda, absorci\u00f3n de impactos y flexibilidad. Elaborado con un \u00fanico agente espumante natural, este innovador material se produce sin reticulantes qu\u00edmicos, lo que garantiza un proceso no t\u00f3xico. Adem\u00e1s, las materias primas y los materiales acabados son totalmente reutilizables. La espuma de alto rendimiento tiene una densidad extremadamente baja, por lo que es hasta un 20\u00a0% m\u00e1s ligera que la EVA tradicional. El peso reducido combinado con un rebote explosivo hacen que Px Foam\u2122 sea perfecto para cada carrera.<\/p>\n<p>\u2022 Parte superior de malla de una sola pieza, fabricada con un 50\u00a0% de materiales reciclados<\/p>\n<p>\u2022 Entresuela de Px Foam\u2122: retorno de energ\u00eda superior.<\/p>\n<p>\u2022 Chasis contorneado para reducir el peso y ofrecer mayor comodidad<\/p>\n<p>\u2022 Peso: 240\u00a0g en talla UK8<\/p>\n<p>\u2022 Tal\u00f3n 39\u00a0mm, antepi\u00e9 31\u00a0mm incl. plantilla<\/p>\n<p>\u2022 Inclinaci\u00f3n: 8\u00a0mm<\/p>\n<p><strong>Composici\u00f3n:<\/strong> Upper 49% Poli\u00e9ster reciclado, 38% Poli\u00e9ster, 12% TPU, 1% Spandex, Padding 100% Poliuretano, Lining 100% Poli\u00e9ster reciclado, Laces 100% Poli\u00e9ster reciclado, Insole Board 100% Poli\u00e9ster, Insole 95% Poliuretano, 5% Poli\u00e9ster reciclado, Midsole 100% EVA Foam Super Critical, Midsole insert 100% Nylon, Outsole 100% Rubber | <strong>Tallas:<\/strong> 6 (39,5)-12 (47)<\/p>","protected":false},"excerpt":{"rendered":"<p>Pacer es nuestra zapatilla de running de alto rendimiento m\u00e1s c\u00f3moda, que ofrece un rebote y una estabilidad excepcionales para una carrera suave y r\u00e1pida, por lo que es ideal para las carreras diarias y las sesiones de recuperaci\u00f3n.<\/p>","protected":false},"featured_media":236130,"comment_status":"open","ping_status":"closed","template":"","meta":{"_acf_changed":false},"product_brand":[10489],"product_cat":[15142,15143],"product_tag":[],"class_list":{"0":"post-229271","1":"product","2":"type-product","3":"status-publish","4":"has-post-thumbnail","6":"product_brand-craft","7":"product_cat-calzado","8":"product_cat-running","9":"tm-no-options","11":"first","12":"instock","13":"taxable","14":"shipping-taxable","15":"product-type-variable"},"acf":[],"_links":{"self":[{"href":"https:\/\/grupotextil.es\/en\/wp-json\/wp\/v2\/product\/229271","targetHints":{"allow":["GET"]}}],"collection":[{"href":"https:\/\/grupotextil.es\/en\/wp-json\/wp\/v2\/product"}],"about":[{"href":"https:\/\/grupotextil.es\/en\/wp-json\/wp\/v2\/types\/product"}],"replies":[{"embeddable":true,"href":"https:\/\/grupotextil.es\/en\/wp-json\/wp\/v2\/comments?post=229271"}],"wp:featuredmedia":[{"embeddable":true,"href":"https:\/\/grupotextil.es\/en\/wp-json\/wp\/v2\/media\/236130"}],"wp:attachment":[{"href":"https:\/\/grupotextil.es\/en\/wp-json\/wp\/v2\/media?parent=229271"}],"wp:term":[{"taxonomy":"product_brand","embeddable":true,"href":"https:\/\/grupotextil.es\/en\/wp-json\/wp\/v2\/product_brand?post=229271"},{"taxonomy":"product_cat","embeddable":true,"href":"https:\/\/grupotextil.es\/en\/wp-json\/wp\/v2\/product_cat?post=229271"},{"taxonomy":"product_tag","embeddable":true,"href":"https:\/\/grupotextil.es\/en\/wp-json\/wp\/v2\/product_tag?post=229271"}],"curies":[{"name":"wp","href":"https:\/\/api.w.org\/{rel}","templated":true}]}}