{"id":229315,"date":"2026-03-04T06:55:49","date_gmt":"2026-03-04T05:55:49","guid":{"rendered":"https:\/\/grupotextil.es\/producto\/6540-pantalon-hv-clase-1\/"},"modified":"2026-04-19T04:06:54","modified_gmt":"2026-04-19T02:06:54","slug":"6540-pantalon-hv-clase-1","status":"publish","type":"product","link":"https:\/\/grupotextil.es\/en\/product\/6540-pantalon-hv-clase-1\/","title":{"rendered":"6540 PANTAL\u00d3N HV CLASE 1"},"content":{"rendered":"<p>Pantal\u00f3n de cintura el\u00e1stica para una m\u00e1xima libertad de movimientos. Corte moderno. El\u00e1stico en 4 direcciones en los muslos y la espalda. Los laterales de la parte superior no son el\u00e1sticos para dar estabilidad al pantal\u00f3n. Bolsillos tipo funda con compartimentos adicionales y refuerzo interno de Cordura\u00ae. Si se desea, se pueden quitar los bolsillos tipo funda descosiendo la costura de contraste de la parte trasera. Amplios bolsillos en las piernas a ambos lados. Bolsillo en la pierna izquierda para herramientas y bol\u00edgrafos, bolsillo para m\u00f3vil con cierre magn\u00e9tico y gancho para sujetar la tarjeta de identificaci\u00f3n. En el lado derecho bolsillo para cinta m\u00e9trica y bolsillo con bot\u00f3n para herramientas. Posibilidad de a\u00f1adir equipo complementario mediante velcro. Rodillas precurvadas. Bolsillos de protecci\u00f3n de rodillas regulables a dos alturas, con abertura desde el interior. Los bolsillos de la funda, los bolsillos traseros, los dobladillos de las piernas y las rodillas (hasta los muslos) est\u00e1n reforzados en Cordura\u00ae para una mayor durabilidad. Segmentos reflectantes en 3M.<\/p>\n<p><strong>Composici\u00f3n:<\/strong> Tejido 1: 92% Poliamida, 8% spandex 250 g\/m2. Tejido 2: 100% poliamida. Tejido 3: 80% poli\u00e9ster, 20% algod\u00f3n &#8211; 245 g\/m2. Refuerzos: 100%  Cordura\u00ae | <strong>Peso:<\/strong> 250 g\/m\u00b2 | <strong>Tallas:<\/strong> C44-D120<\/p>","protected":false},"excerpt":{"rendered":"<p>Pantal\u00f3n de cintura el\u00e1stica para una m\u00e1xima libertad de movimientos. Corte moderno. El\u00e1stico en 4 direcciones en los muslos y la espalda. Los laterales de la parte superior no son el\u00e1sticos para dar estabilidad al pantal\u00f3n. Bolsillos tipo funda con<\/p>","protected":false},"featured_media":236150,"comment_status":"open","ping_status":"closed","template":"","meta":{"_acf_changed":false},"product_brand":[10531],"product_cat":[13983],"product_tag":[],"class_list":{"0":"post-229315","1":"product","2":"type-product","3":"status-publish","4":"has-post-thumbnail","6":"product_brand-projob","7":"product_cat-h-pantalones","8":"tm-no-options","10":"first","11":"instock","12":"taxable","13":"shipping-taxable","14":"product-type-variable"},"acf":[],"_links":{"self":[{"href":"https:\/\/grupotextil.es\/en\/wp-json\/wp\/v2\/product\/229315","targetHints":{"allow":["GET"]}}],"collection":[{"href":"https:\/\/grupotextil.es\/en\/wp-json\/wp\/v2\/product"}],"about":[{"href":"https:\/\/grupotextil.es\/en\/wp-json\/wp\/v2\/types\/product"}],"replies":[{"embeddable":true,"href":"https:\/\/grupotextil.es\/en\/wp-json\/wp\/v2\/comments?post=229315"}],"wp:featuredmedia":[{"embeddable":true,"href":"https:\/\/grupotextil.es\/en\/wp-json\/wp\/v2\/media\/236150"}],"wp:attachment":[{"href":"https:\/\/grupotextil.es\/en\/wp-json\/wp\/v2\/media?parent=229315"}],"wp:term":[{"taxonomy":"product_brand","embeddable":true,"href":"https:\/\/grupotextil.es\/en\/wp-json\/wp\/v2\/product_brand?post=229315"},{"taxonomy":"product_cat","embeddable":true,"href":"https:\/\/grupotextil.es\/en\/wp-json\/wp\/v2\/product_cat?post=229315"},{"taxonomy":"product_tag","embeddable":true,"href":"https:\/\/grupotextil.es\/en\/wp-json\/wp\/v2\/product_tag?post=229315"}],"curies":[{"name":"wp","href":"https:\/\/api.w.org\/{rel}","templated":true}]}}