{"id":229378,"date":"2026-03-04T06:56:38","date_gmt":"2026-03-04T05:56:38","guid":{"rendered":"https:\/\/grupotextil.es\/producto\/westwood-heights\/"},"modified":"2026-04-26T04:05:47","modified_gmt":"2026-04-26T02:05:47","slug":"westwood-heights","status":"publish","type":"product","link":"https:\/\/grupotextil.es\/en\/product\/westwood-heights\/","title":{"rendered":"Westwood Heights"},"content":{"rendered":"<p>Sudadera cremallera entera con capucha y media luna en cuello. Cremallera frontal y en bolsillos laterales de nano membrana con aspecto metalizado. Cord\u00f3n a tono con punta de goma. Afelpado en el interior. Canal\u00e9 1&#215;1 en mangas y cintura. Certificado Oeko-Tex 100<\/p>\n<p><strong>Composici\u00f3n:<\/strong> 85% algod\u00f3n org\u00e1nico, 15% poli\u00e9ster reciclado, 300 g\/m\u00b2 | <strong>Peso:<\/strong> 300 g\/m\u00b2 | <strong>Tallas:<\/strong> S-4XL<\/p>","protected":false},"excerpt":{"rendered":"<p>Sudadera cremallera entera con capucha y media luna en cuello. Cremallera frontal y en bolsillos laterales de nano membrana con aspecto metalizado. Cord\u00f3n a tono con punta de goma. Afelpado en el interior. Canal\u00e9 1&#215;1 en mangas y cintura. Certificado<\/p>","protected":false},"featured_media":236178,"comment_status":"open","ping_status":"closed","template":"","meta":{"_acf_changed":false},"product_brand":[10521],"product_cat":[13974,13975,13973],"product_tag":[],"class_list":{"0":"post-229378","1":"product","2":"type-product","3":"status-publish","4":"has-post-thumbnail","6":"product_brand-james-harvest","7":"product_cat-ropa-hombre","8":"product_cat-ropa-mujer","9":"product_cat-ropa","10":"tm-no-options","12":"first","13":"instock","14":"taxable","15":"shipping-taxable","16":"product-type-variable"},"acf":[],"_links":{"self":[{"href":"https:\/\/grupotextil.es\/en\/wp-json\/wp\/v2\/product\/229378","targetHints":{"allow":["GET"]}}],"collection":[{"href":"https:\/\/grupotextil.es\/en\/wp-json\/wp\/v2\/product"}],"about":[{"href":"https:\/\/grupotextil.es\/en\/wp-json\/wp\/v2\/types\/product"}],"replies":[{"embeddable":true,"href":"https:\/\/grupotextil.es\/en\/wp-json\/wp\/v2\/comments?post=229378"}],"wp:featuredmedia":[{"embeddable":true,"href":"https:\/\/grupotextil.es\/en\/wp-json\/wp\/v2\/media\/236178"}],"wp:attachment":[{"href":"https:\/\/grupotextil.es\/en\/wp-json\/wp\/v2\/media?parent=229378"}],"wp:term":[{"taxonomy":"product_brand","embeddable":true,"href":"https:\/\/grupotextil.es\/en\/wp-json\/wp\/v2\/product_brand?post=229378"},{"taxonomy":"product_cat","embeddable":true,"href":"https:\/\/grupotextil.es\/en\/wp-json\/wp\/v2\/product_cat?post=229378"},{"taxonomy":"product_tag","embeddable":true,"href":"https:\/\/grupotextil.es\/en\/wp-json\/wp\/v2\/product_tag?post=229378"}],"curies":[{"name":"wp","href":"https:\/\/api.w.org\/{rel}","templated":true}]}}