{"id":229386,"date":"2026-03-04T06:56:43","date_gmt":"2026-03-04T05:56:43","guid":{"rendered":"https:\/\/grupotextil.es\/producto\/run-lady\/"},"modified":"2026-04-19T04:06:55","modified_gmt":"2026-04-19T02:06:55","slug":"run-lady","status":"publish","type":"product","link":"https:\/\/grupotextil.es\/en\/product\/run-lady\/","title":{"rendered":"Run Lady"},"content":{"rendered":"<p>Funcional camiseta interlock de cuello redondo. Te\u00f1ida con un m\u00e9todo m\u00e1s respetuoso con el medio ambiente y que ofrece una mejor solidez al color.<\/p>\n<p><strong>Composici\u00f3n:<\/strong> 100% Poli\u00e9ster, 135 g\/m\u00b2 | <strong>Peso:<\/strong> 135 g\/m\u00b2 | <strong>Tallas:<\/strong> XS-3XL<\/p>","protected":false},"excerpt":{"rendered":"<p>Funcional camiseta interlock de cuello redondo. Te\u00f1ida con un m\u00e9todo m\u00e1s respetuoso con el medio ambiente y que ofrece una mejor solidez al color.<\/p>","protected":false},"featured_media":236140,"comment_status":"open","ping_status":"closed","template":"","meta":{"_acf_changed":false},"product_brand":[10529],"product_cat":[13974,13975,13973],"product_tag":[],"class_list":{"0":"post-229386","1":"product","2":"type-product","3":"status-publish","4":"has-post-thumbnail","6":"product_brand-printer-red","7":"product_cat-ropa-hombre","8":"product_cat-ropa-mujer","9":"product_cat-ropa","10":"tm-no-options","12":"first","13":"instock","14":"taxable","15":"shipping-taxable","16":"product-type-variable"},"acf":[],"_links":{"self":[{"href":"https:\/\/grupotextil.es\/en\/wp-json\/wp\/v2\/product\/229386","targetHints":{"allow":["GET"]}}],"collection":[{"href":"https:\/\/grupotextil.es\/en\/wp-json\/wp\/v2\/product"}],"about":[{"href":"https:\/\/grupotextil.es\/en\/wp-json\/wp\/v2\/types\/product"}],"replies":[{"embeddable":true,"href":"https:\/\/grupotextil.es\/en\/wp-json\/wp\/v2\/comments?post=229386"}],"wp:featuredmedia":[{"embeddable":true,"href":"https:\/\/grupotextil.es\/en\/wp-json\/wp\/v2\/media\/236140"}],"wp:attachment":[{"href":"https:\/\/grupotextil.es\/en\/wp-json\/wp\/v2\/media?parent=229386"}],"wp:term":[{"taxonomy":"product_brand","embeddable":true,"href":"https:\/\/grupotextil.es\/en\/wp-json\/wp\/v2\/product_brand?post=229386"},{"taxonomy":"product_cat","embeddable":true,"href":"https:\/\/grupotextil.es\/en\/wp-json\/wp\/v2\/product_cat?post=229386"},{"taxonomy":"product_tag","embeddable":true,"href":"https:\/\/grupotextil.es\/en\/wp-json\/wp\/v2\/product_tag?post=229386"}],"curies":[{"name":"wp","href":"https:\/\/api.w.org\/{rel}","templated":true}]}}