{"id":229404,"date":"2026-03-04T06:56:57","date_gmt":"2026-03-04T05:56:57","guid":{"rendered":"https:\/\/grupotextil.es\/producto\/4603-mono\/"},"modified":"2026-04-19T04:06:55","modified_gmt":"2026-04-19T02:06:55","slug":"4603-mono","status":"publish","type":"product","link":"https:\/\/grupotextil.es\/en\/product\/4603-mono\/","title":{"rendered":"4603 MONO"},"content":{"rendered":"<p>Mono con cremallera delantera de doble direcci\u00f3n. Bolsillos frontales con cierre de velcro, el de la izquierda con gancho para tarjeta identificativa. Bolsillos laterales. Bolsillos en las piernas, el del lado izquierdo es espacioso y tiene cierre de velcro y un bolsillo interno para el m\u00f3vil. En el lado derecho bolsillo para bol\u00edgrafos, papel y cinta m\u00e9trica. Bolsillo traseros con solapa y cierre de velcro. Cintura ajustable con cord\u00f3n interno y pu\u00f1os ajustables con velcro. Bolsillos internos para rodilleras. El largo de la pierna se puede extender 5cm.<\/p>\n<p><strong>Composici\u00f3n:<\/strong> 65% Poli\u00e9ster, 35% algod\u00f3n, 245 g\/m2 | <strong>Peso:<\/strong> 245 g\/m2 | <strong>Tallas:<\/strong> C42-C164<\/p>","protected":false},"excerpt":{"rendered":"<p>Mono con cremallera delantera de doble direcci\u00f3n. Bolsillos frontales con cierre de velcro, el de la izquierda con gancho para tarjeta identificativa. Bolsillos laterales. Bolsillos en las piernas, el del lado izquierdo es espacioso y tiene cierre de<\/p>","protected":false},"featured_media":236184,"comment_status":"open","ping_status":"closed","template":"","meta":{"_acf_changed":false},"product_brand":[10531],"product_cat":[15147],"product_tag":[],"class_list":{"0":"post-229404","1":"product","2":"type-product","3":"status-publish","4":"has-post-thumbnail","6":"product_brand-projob","7":"product_cat-new-wave","8":"tm-no-options","10":"first","11":"instock","12":"taxable","13":"shipping-taxable","14":"product-type-variable"},"acf":[],"_links":{"self":[{"href":"https:\/\/grupotextil.es\/en\/wp-json\/wp\/v2\/product\/229404","targetHints":{"allow":["GET"]}}],"collection":[{"href":"https:\/\/grupotextil.es\/en\/wp-json\/wp\/v2\/product"}],"about":[{"href":"https:\/\/grupotextil.es\/en\/wp-json\/wp\/v2\/types\/product"}],"replies":[{"embeddable":true,"href":"https:\/\/grupotextil.es\/en\/wp-json\/wp\/v2\/comments?post=229404"}],"wp:featuredmedia":[{"embeddable":true,"href":"https:\/\/grupotextil.es\/en\/wp-json\/wp\/v2\/media\/236184"}],"wp:attachment":[{"href":"https:\/\/grupotextil.es\/en\/wp-json\/wp\/v2\/media?parent=229404"}],"wp:term":[{"taxonomy":"product_brand","embeddable":true,"href":"https:\/\/grupotextil.es\/en\/wp-json\/wp\/v2\/product_brand?post=229404"},{"taxonomy":"product_cat","embeddable":true,"href":"https:\/\/grupotextil.es\/en\/wp-json\/wp\/v2\/product_cat?post=229404"},{"taxonomy":"product_tag","embeddable":true,"href":"https:\/\/grupotextil.es\/en\/wp-json\/wp\/v2\/product_tag?post=229404"}],"curies":[{"name":"wp","href":"https:\/\/api.w.org\/{rel}","templated":true}]}}