{"id":229442,"date":"2026-03-04T06:57:23","date_gmt":"2026-03-04T05:57:23","guid":{"rendered":"https:\/\/grupotextil.es\/producto\/core-unify-training-tee-m\/"},"modified":"2026-04-19T04:06:55","modified_gmt":"2026-04-19T02:06:55","slug":"core-unify-training-tee-m","status":"publish","type":"product","link":"https:\/\/grupotextil.es\/en\/product\/core-unify-training-tee-m\/","title":{"rendered":"CORE Unify Training Tee M"},"content":{"rendered":"<p>La camiseta de entrenamiento Core Unify est\u00e1 disponible en varios colores fuertes. Dise\u00f1ada para personas activas que valoran una gran comodidad y buena calidad. Est\u00e1 hecha de poli\u00e9ster reciclado, suave y funcional. La camiseta cuenta con costuras laterales curvas en la parte delantera para un estilo atl\u00e9tico y moderno.<\/p>\n<p>\u2022 Poli\u00e9ster reciclado<\/p>\n<p>\u2022 Costuras laterales curvadas<\/p>\n<p>\u2022 Disponible en varios colores<\/p>\n<p><strong>Composici\u00f3n:<\/strong> 100% Poli\u00e9ster reciclado | <strong>Peso:<\/strong> 130 g\/m2 | <strong>Tallas:<\/strong> XS-4XL<\/p>","protected":false},"excerpt":{"rendered":"<p>La camiseta de entrenamiento Core Unify est\u00e1 disponible en varios colores fuertes. Dise\u00f1ada para personas activas que valoran una gran comodidad y buena calidad. Est\u00e1 hecha de poli\u00e9ster reciclado, suave y funcional. La camiseta cuenta con costuras la<\/p>","protected":false},"featured_media":236196,"comment_status":"open","ping_status":"closed","template":"","meta":{"_acf_changed":false},"product_brand":[10489],"product_cat":[13986,13977,13981,13990,13974,13932,13930,13975,13935,13973],"product_tag":[],"class_list":{"0":"post-229442","1":"product","2":"type-product","3":"status-publish","4":"has-post-thumbnail","6":"product_brand-craft","7":"product_cat-m-camisetas-manga-corta","8":"product_cat-h-camisetas-manga-corta","9":"product_cat-h-chaquetas-y-abrigos","10":"product_cat-m-chaquetas-y-abrigos","11":"product_cat-ropa-hombre","12":"product_cat-hosteleria-horeca","13":"product_cat-laboral","14":"product_cat-ropa-mujer","15":"product_cat-pantalones-cocina","16":"product_cat-ropa","17":"tm-no-options","19":"first","20":"instock","21":"taxable","22":"shipping-taxable","23":"product-type-variable"},"acf":[],"_links":{"self":[{"href":"https:\/\/grupotextil.es\/en\/wp-json\/wp\/v2\/product\/229442","targetHints":{"allow":["GET"]}}],"collection":[{"href":"https:\/\/grupotextil.es\/en\/wp-json\/wp\/v2\/product"}],"about":[{"href":"https:\/\/grupotextil.es\/en\/wp-json\/wp\/v2\/types\/product"}],"replies":[{"embeddable":true,"href":"https:\/\/grupotextil.es\/en\/wp-json\/wp\/v2\/comments?post=229442"}],"wp:featuredmedia":[{"embeddable":true,"href":"https:\/\/grupotextil.es\/en\/wp-json\/wp\/v2\/media\/236196"}],"wp:attachment":[{"href":"https:\/\/grupotextil.es\/en\/wp-json\/wp\/v2\/media?parent=229442"}],"wp:term":[{"taxonomy":"product_brand","embeddable":true,"href":"https:\/\/grupotextil.es\/en\/wp-json\/wp\/v2\/product_brand?post=229442"},{"taxonomy":"product_cat","embeddable":true,"href":"https:\/\/grupotextil.es\/en\/wp-json\/wp\/v2\/product_cat?post=229442"},{"taxonomy":"product_tag","embeddable":true,"href":"https:\/\/grupotextil.es\/en\/wp-json\/wp\/v2\/product_tag?post=229442"}],"curies":[{"name":"wp","href":"https:\/\/api.w.org\/{rel}","templated":true}]}}