{"id":229478,"date":"2026-03-04T06:57:48","date_gmt":"2026-03-04T05:57:48","guid":{"rendered":"https:\/\/grupotextil.es\/producto\/valley-vest-woman\/"},"modified":"2026-04-19T04:06:55","modified_gmt":"2026-04-19T02:06:55","slug":"valley-vest-woman","status":"publish","type":"product","link":"https:\/\/grupotextil.es\/en\/product\/valley-vest-woman\/","title":{"rendered":"Valley Vest Woman"},"content":{"rendered":"<p>El chaleco Valley es un c\u00f3modo chaleco softshell confeccionado en poli\u00e9ster reciclado y elastano. Con sus dos bolsillos laterales con cremallera y dos bolsillos interiores, ofrece pr\u00e1cticas opciones de almacenamiento. El protector de barbilla a\u00f1ade comodidad adicional y protecci\u00f3n contra los elementos, mientras que la calidad el\u00e1stica garantiza la facilidad de movimiento. WP 3000 \/ MVP 1000: testeado seg\u00fan AATCC 22 y JIS L 1099, B1.<\/p>\n<p><strong>Composici\u00f3n:<\/strong> Tejido exterior: 96% poli\u00e9ster reciclado, 4% elastano, el\u00e1stico en 4 direcciones unido con forro polar 100% poli\u00e9ster reciclado, C.0 DWR<br \/>\nCertificado Oeko-Tex 100. | <strong>Peso:<\/strong> 280g\/m\u00b2 | <strong>Tallas:<\/strong> XS-XXL<\/p>","protected":false},"excerpt":{"rendered":"<p>El chaleco Valley es un c\u00f3modo chaleco softshell confeccionado en poli\u00e9ster reciclado y elastano. Con sus dos bolsillos laterales con cremallera y dos bolsillos interiores, ofrece pr\u00e1cticas opciones de almacenamiento. El protector de barbilla a\u00f1ade c<\/p>","protected":false},"featured_media":236210,"comment_status":"open","ping_status":"closed","template":"","meta":{"_acf_changed":false},"product_brand":[10521],"product_cat":[13998],"product_tag":[],"class_list":{"0":"post-229478","1":"product","2":"type-product","3":"status-publish","4":"has-post-thumbnail","6":"product_brand-james-harvest","7":"product_cat-n-chaquetas","8":"tm-no-options","10":"first","11":"instock","12":"taxable","13":"shipping-taxable","14":"product-type-variable"},"acf":[],"_links":{"self":[{"href":"https:\/\/grupotextil.es\/en\/wp-json\/wp\/v2\/product\/229478","targetHints":{"allow":["GET"]}}],"collection":[{"href":"https:\/\/grupotextil.es\/en\/wp-json\/wp\/v2\/product"}],"about":[{"href":"https:\/\/grupotextil.es\/en\/wp-json\/wp\/v2\/types\/product"}],"replies":[{"embeddable":true,"href":"https:\/\/grupotextil.es\/en\/wp-json\/wp\/v2\/comments?post=229478"}],"wp:featuredmedia":[{"embeddable":true,"href":"https:\/\/grupotextil.es\/en\/wp-json\/wp\/v2\/media\/236210"}],"wp:attachment":[{"href":"https:\/\/grupotextil.es\/en\/wp-json\/wp\/v2\/media?parent=229478"}],"wp:term":[{"taxonomy":"product_brand","embeddable":true,"href":"https:\/\/grupotextil.es\/en\/wp-json\/wp\/v2\/product_brand?post=229478"},{"taxonomy":"product_cat","embeddable":true,"href":"https:\/\/grupotextil.es\/en\/wp-json\/wp\/v2\/product_cat?post=229478"},{"taxonomy":"product_tag","embeddable":true,"href":"https:\/\/grupotextil.es\/en\/wp-json\/wp\/v2\/product_tag?post=229478"}],"curies":[{"name":"wp","href":"https:\/\/api.w.org\/{rel}","templated":true}]}}