{"id":229652,"date":"2026-03-04T06:59:29","date_gmt":"2026-03-04T05:59:29","guid":{"rendered":"https:\/\/grupotextil.es\/producto\/5563-pantalon-algodon-mujer\/"},"modified":"2026-04-19T04:06:56","modified_gmt":"2026-04-19T02:06:56","slug":"5563-pantalon-algodon-mujer","status":"publish","type":"product","link":"https:\/\/grupotextil.es\/en\/product\/5563-pantalon-algodon-mujer\/","title":{"rendered":"5563 PANTAL\u00d3N ALGOD\u00d3N MUJER"},"content":{"rendered":"<p>Pantal\u00f3n de algod\u00f3n con un gramaje ligeramente inferior para que sea un pantal\u00f3n ligero. Bolsillos tipo funda que se pueden guardar en los bolsillos laterales, uno con un bolsillo adicional y otro con trabillas para herramientas. Bolsillos traseros con solapa y cierre de velcro. Refuerzo en el interior de los bolsillos de funda, bolsillo para cinta m\u00e9trica y sobre las rodillas. Rodillas pre-curvadas. Bolsillos interiores para rodilleras, regulables a dos niveles de altura. Quitando las costuras del dobladillo, los pantalones se pueden alargar 5 cm.<\/p>\n<p><strong>Composici\u00f3n:<\/strong> 100% Algod\u00f3n, 320 g\/m2 | <strong>Peso:<\/strong> 320 g\/m2 | <strong>Tallas:<\/strong> C34-C50<\/p>","protected":false},"excerpt":{"rendered":"<p>Pantal\u00f3n de algod\u00f3n con un gramaje ligeramente inferior para que sea un pantal\u00f3n ligero. Bolsillos tipo funda que se pueden guardar en los bolsillos laterales, uno con un bolsillo adicional y otro con trabillas para herramientas. Bolsillos traseros c<\/p>","protected":false},"featured_media":236290,"comment_status":"open","ping_status":"closed","template":"","meta":{"_acf_changed":false},"product_brand":[10531],"product_cat":[13983],"product_tag":[],"class_list":{"0":"post-229652","1":"product","2":"type-product","3":"status-publish","4":"has-post-thumbnail","6":"product_brand-projob","7":"product_cat-h-pantalones","8":"tm-no-options","10":"first","11":"instock","12":"taxable","13":"shipping-taxable","14":"product-type-variable"},"acf":[],"_links":{"self":[{"href":"https:\/\/grupotextil.es\/en\/wp-json\/wp\/v2\/product\/229652","targetHints":{"allow":["GET"]}}],"collection":[{"href":"https:\/\/grupotextil.es\/en\/wp-json\/wp\/v2\/product"}],"about":[{"href":"https:\/\/grupotextil.es\/en\/wp-json\/wp\/v2\/types\/product"}],"replies":[{"embeddable":true,"href":"https:\/\/grupotextil.es\/en\/wp-json\/wp\/v2\/comments?post=229652"}],"wp:featuredmedia":[{"embeddable":true,"href":"https:\/\/grupotextil.es\/en\/wp-json\/wp\/v2\/media\/236290"}],"wp:attachment":[{"href":"https:\/\/grupotextil.es\/en\/wp-json\/wp\/v2\/media?parent=229652"}],"wp:term":[{"taxonomy":"product_brand","embeddable":true,"href":"https:\/\/grupotextil.es\/en\/wp-json\/wp\/v2\/product_brand?post=229652"},{"taxonomy":"product_cat","embeddable":true,"href":"https:\/\/grupotextil.es\/en\/wp-json\/wp\/v2\/product_cat?post=229652"},{"taxonomy":"product_tag","embeddable":true,"href":"https:\/\/grupotextil.es\/en\/wp-json\/wp\/v2\/product_tag?post=229652"}],"curies":[{"name":"wp","href":"https:\/\/api.w.org\/{rel}","templated":true}]}}