{"id":229657,"date":"2026-03-04T06:59:32","date_gmt":"2026-03-04T05:59:32","guid":{"rendered":"https:\/\/grupotextil.es\/producto\/7700-chaleco\/"},"modified":"2026-04-19T04:06:56","modified_gmt":"2026-04-19T02:06:56","slug":"7700-chaleco","status":"publish","type":"product","link":"https:\/\/grupotextil.es\/en\/product\/7700-chaleco\/","title":{"rendered":"7700 CHALECO"},"content":{"rendered":"<p>Chaleco en tejido acolchado diamond, ligero y sin costuras. Bolsillo en el pecho en el lado derecho con cierre de cremallera, tambi\u00e9n un soporte interno para sujetar la tarjeta de identificaci\u00f3n. Bolsillos laterales en ambos lados con cierre de cremallera. Bolsillo para chip de lavander\u00eda en la costura interior del lado izquierdo.<\/p>\n<p>Se suministra en una bolsa compostable de base biol\u00f3gica<\/p>\n<p><strong>Composici\u00f3n:<\/strong> 100% poli\u00e9ster reciclado Acolchado: 100% poli\u00e9ster reciclado Primaloft Forro: 100% poli\u00e9ster reciclado &#8211; 80 g\/m2 | <strong>Tallas:<\/strong> XS-5XL<\/p>","protected":false},"excerpt":{"rendered":"<p>Chaleco en tejido acolchado diamond, ligero y sin costuras. Bolsillo en el pecho en el lado derecho con cierre de cremallera, tambi\u00e9n un soporte interno para sujetar la tarjeta de identificaci\u00f3n. Bolsillos laterales en ambos lados con cierre de crema<\/p>","protected":false},"featured_media":236292,"comment_status":"open","ping_status":"closed","template":"","meta":{"_acf_changed":false},"product_brand":[10531],"product_cat":[13998],"product_tag":[],"class_list":{"0":"post-229657","1":"product","2":"type-product","3":"status-publish","4":"has-post-thumbnail","6":"product_brand-projob","7":"product_cat-n-chaquetas","8":"tm-no-options","10":"first","11":"instock","12":"taxable","13":"shipping-taxable","14":"product-type-variable"},"acf":[],"_links":{"self":[{"href":"https:\/\/grupotextil.es\/en\/wp-json\/wp\/v2\/product\/229657","targetHints":{"allow":["GET"]}}],"collection":[{"href":"https:\/\/grupotextil.es\/en\/wp-json\/wp\/v2\/product"}],"about":[{"href":"https:\/\/grupotextil.es\/en\/wp-json\/wp\/v2\/types\/product"}],"replies":[{"embeddable":true,"href":"https:\/\/grupotextil.es\/en\/wp-json\/wp\/v2\/comments?post=229657"}],"wp:featuredmedia":[{"embeddable":true,"href":"https:\/\/grupotextil.es\/en\/wp-json\/wp\/v2\/media\/236292"}],"wp:attachment":[{"href":"https:\/\/grupotextil.es\/en\/wp-json\/wp\/v2\/media?parent=229657"}],"wp:term":[{"taxonomy":"product_brand","embeddable":true,"href":"https:\/\/grupotextil.es\/en\/wp-json\/wp\/v2\/product_brand?post=229657"},{"taxonomy":"product_cat","embeddable":true,"href":"https:\/\/grupotextil.es\/en\/wp-json\/wp\/v2\/product_cat?post=229657"},{"taxonomy":"product_tag","embeddable":true,"href":"https:\/\/grupotextil.es\/en\/wp-json\/wp\/v2\/product_tag?post=229657"}],"curies":[{"name":"wp","href":"https:\/\/api.w.org\/{rel}","templated":true}]}}