{"id":229715,"date":"2026-03-04T07:00:08","date_gmt":"2026-03-04T06:00:08","guid":{"rendered":"https:\/\/grupotextil.es\/producto\/5564-pantalon-elastico-mujer\/"},"modified":"2026-04-26T04:05:48","modified_gmt":"2026-04-26T02:05:48","slug":"5564-pantalon-elastico-mujer","status":"publish","type":"product","link":"https:\/\/grupotextil.es\/en\/product\/5564-pantalon-elastico-mujer\/","title":{"rendered":"5564 PANTAL\u00d3N EL\u00c1STICO MUJER"},"content":{"rendered":"<p>Pantal\u00f3n totalmente el\u00e1stico que proporciona la m\u00e1xima libertad de movimiento y comodidad. Corte moderno. Los laterales de la parte superior no son el\u00e1sticos para dar estabilidad al pantal\u00f3n. Bolsillos con compartimentos adicionales y refuerzo interno de Cordura\u00ae. Aberturas de ventilaci\u00f3n en la parte posterior de la cintura. Amplios bolsillos en las piernas a ambos lados. Bolsillo en la pierna izquierda para herramientas y bol\u00edgrafos, tambi\u00e9n bolsillo para m\u00f3vil con cierre magn\u00e9tico y un gancho para sujetar la tarjeta de identificaci\u00f3n. En el lado derecho bolsillo para cinta m\u00e9trica y bolsillo con bot\u00f3n para herramientas. Trabilla m\u00e1s ancha en la parte trasera para evitar la presi\u00f3n del cintur\u00f3n. Bolsillos traseros en Cordura\u00ae, uno con solapa y cierre magn\u00e9tico. Rodillas precurvadas. Bolsillos internos para protectores de rodillas, ajustables a dos niveles de altura. Los bolsillos y las rodillas est\u00e1n reforzados con Cordura\u00ae para una mayor durabilidad. Posibilidad de acoplar sistema MOLLE en ambos lados. Deshaciendo la costura roja del dobladillo, los pantalones pueden alargarse 5 cm.<\/p>\n<p><strong>Composici\u00f3n:<\/strong> Tejido 1: 91,5% nylon, 8,5% spandex. Tejido 2: 100% poliamida. Tejido 3: 100% poli\u00e9ster. Tejido 4: 65% poli\u00e9ster, 35% algod\u00f3n. Tejido 5: 89% Cordura, 11% spandex | <strong>Tallas:<\/strong> C32-C50<\/p>","protected":false},"excerpt":{"rendered":"<p>Pantal\u00f3n totalmente el\u00e1stico que proporciona la m\u00e1xima libertad de movimiento y comodidad. Corte moderno. Los laterales de la parte superior no son el\u00e1sticos para dar estabilidad al pantal\u00f3n. Bolsillos con compartimentos adicionales y refuerzo intern<\/p>","protected":false},"featured_media":236321,"comment_status":"open","ping_status":"closed","template":"","meta":{"_acf_changed":false},"product_brand":[10531],"product_cat":[13983],"product_tag":[],"class_list":{"0":"post-229715","1":"product","2":"type-product","3":"status-publish","4":"has-post-thumbnail","6":"product_brand-projob","7":"product_cat-h-pantalones","8":"tm-no-options","10":"first","11":"instock","12":"taxable","13":"shipping-taxable","14":"product-type-variable"},"acf":[],"_links":{"self":[{"href":"https:\/\/grupotextil.es\/en\/wp-json\/wp\/v2\/product\/229715","targetHints":{"allow":["GET"]}}],"collection":[{"href":"https:\/\/grupotextil.es\/en\/wp-json\/wp\/v2\/product"}],"about":[{"href":"https:\/\/grupotextil.es\/en\/wp-json\/wp\/v2\/types\/product"}],"replies":[{"embeddable":true,"href":"https:\/\/grupotextil.es\/en\/wp-json\/wp\/v2\/comments?post=229715"}],"wp:featuredmedia":[{"embeddable":true,"href":"https:\/\/grupotextil.es\/en\/wp-json\/wp\/v2\/media\/236321"}],"wp:attachment":[{"href":"https:\/\/grupotextil.es\/en\/wp-json\/wp\/v2\/media?parent=229715"}],"wp:term":[{"taxonomy":"product_brand","embeddable":true,"href":"https:\/\/grupotextil.es\/en\/wp-json\/wp\/v2\/product_brand?post=229715"},{"taxonomy":"product_cat","embeddable":true,"href":"https:\/\/grupotextil.es\/en\/wp-json\/wp\/v2\/product_cat?post=229715"},{"taxonomy":"product_tag","embeddable":true,"href":"https:\/\/grupotextil.es\/en\/wp-json\/wp\/v2\/product_tag?post=229715"}],"curies":[{"name":"wp","href":"https:\/\/api.w.org\/{rel}","templated":true}]}}