{"id":229781,"date":"2026-03-04T07:00:56","date_gmt":"2026-03-04T06:00:56","guid":{"rendered":"https:\/\/grupotextil.es\/producto\/6527-pantalon-con-tecnologia-375-clase-2\/"},"modified":"2026-05-03T04:06:40","modified_gmt":"2026-05-03T02:06:40","slug":"6527-pantalon-con-tecnologia-375-clase-2","status":"publish","type":"product","link":"https:\/\/grupotextil.es\/en\/product\/6527-pantalon-con-tecnologia-375-clase-2\/","title":{"rendered":"6527 PANTAL\u00d3N CON TECNOLOG\u00cdA 37,5\u2122 CLASE 2"},"content":{"rendered":"<p>Pantal\u00f3n totalmente el\u00e1stico con tecnolog\u00eda 37,5\u2122. Los laterales de la parte superior no son el\u00e1sticos para dar estabilidad al pantal\u00f3n. Corte moderno. Amplios bolsillos en ambos lados de la pierna. Bolsillo en la pierna izquierda para herramientas y bol\u00edgrafos, bolsillo para m\u00f3vil con cierre magn\u00e9tico y gancho para sujetar la tarjeta de identificaci\u00f3n. En el lado derecho bolsillo para cinta m\u00e9trica y bolsillo con bot\u00f3n para herramientas. Bolsillos tipo funda. Debajo de los bolsillos funda hay bolsillos laterales ordinarios con cierre de cremallera. Bolsillos traseros internos. Aberturas de ventilaci\u00f3n tanto en el interior como en el exterior de los muslos con forro de malla, tambi\u00e9n ventilaci\u00f3n en la parte posterior de las rodillas. Rodillas precurvadas. Bolsillos internos para protectores de rodilla, ajustables a dos niveles de altura. Los bolsillos est\u00e1n reforzados con Cordura\u00ae y las rodillas est\u00e1n reforzadas con Cordura\u00aestretch para una mayor durabilidad y libertad de movimientos.<\/p>\n<p><strong>Composici\u00f3n:<\/strong> Tejido 1: 89% poli\u00e9ster, 40% tecnolog\u00eda 37,5, 11% spandex. Tejido 2: 65% poli\u00e9ster, 35% algod\u00f3n. Tejido 3: 89% poliamida, 11% spandex | <strong>Tallas:<\/strong> C44-D120<\/p>","protected":false},"excerpt":{"rendered":"<p>Pantal\u00f3n totalmente el\u00e1stico con tecnolog\u00eda 37,5\u2122. Los laterales de la parte superior no son el\u00e1sticos para dar estabilidad al pantal\u00f3n. Corte moderno. Amplios bolsillos en ambos lados de la pierna. Bolsillo en la pierna izquierda para herramientas y<\/p>","protected":false},"featured_media":236358,"comment_status":"open","ping_status":"closed","template":"","meta":{"_acf_changed":false},"product_brand":[10531],"product_cat":[13983],"product_tag":[],"class_list":{"0":"post-229781","1":"product","2":"type-product","3":"status-publish","4":"has-post-thumbnail","6":"product_brand-projob","7":"product_cat-h-pantalones","8":"tm-no-options","10":"first","11":"instock","12":"taxable","13":"shipping-taxable","14":"product-type-variable"},"acf":[],"_links":{"self":[{"href":"https:\/\/grupotextil.es\/en\/wp-json\/wp\/v2\/product\/229781","targetHints":{"allow":["GET"]}}],"collection":[{"href":"https:\/\/grupotextil.es\/en\/wp-json\/wp\/v2\/product"}],"about":[{"href":"https:\/\/grupotextil.es\/en\/wp-json\/wp\/v2\/types\/product"}],"replies":[{"embeddable":true,"href":"https:\/\/grupotextil.es\/en\/wp-json\/wp\/v2\/comments?post=229781"}],"wp:featuredmedia":[{"embeddable":true,"href":"https:\/\/grupotextil.es\/en\/wp-json\/wp\/v2\/media\/236358"}],"wp:attachment":[{"href":"https:\/\/grupotextil.es\/en\/wp-json\/wp\/v2\/media?parent=229781"}],"wp:term":[{"taxonomy":"product_brand","embeddable":true,"href":"https:\/\/grupotextil.es\/en\/wp-json\/wp\/v2\/product_brand?post=229781"},{"taxonomy":"product_cat","embeddable":true,"href":"https:\/\/grupotextil.es\/en\/wp-json\/wp\/v2\/product_cat?post=229781"},{"taxonomy":"product_tag","embeddable":true,"href":"https:\/\/grupotextil.es\/en\/wp-json\/wp\/v2\/product_tag?post=229781"}],"curies":[{"name":"wp","href":"https:\/\/api.w.org\/{rel}","templated":true}]}}