{"id":229806,"date":"2026-03-04T07:01:12","date_gmt":"2026-03-04T06:01:12","guid":{"rendered":"https:\/\/grupotextil.es\/producto\/essence-hybrid-glove\/"},"modified":"2026-04-19T04:06:57","modified_gmt":"2026-04-19T02:06:57","slug":"essence-hybrid-glove","status":"publish","type":"product","link":"https:\/\/grupotextil.es\/en\/product\/essence-hybrid-glove\/","title":{"rendered":"Essence Hybrid Glove"},"content":{"rendered":"<p>El guante h\u00edbrido Essence es un guante de entrenamiento 2 en 1 con interior cepillado y manopla cortaviento e impermeable para adaptarse r\u00e1pidamente a las condiciones meteorol\u00f3gicas cambiantes. Utiliza la manopla exterior para proteger tus manos en d\u00edas h\u00famedos y ventosos. La parte del guante est\u00e1 hecha de un tejido el\u00e1stico y funcional con un interior estructurado en rejilla para mayor calidez y comodidad.<\/p>\n<p>\u2022 Guante de poli\u00e9ster reciclado con rejilla interior<\/p>\n<p>\u2022 Manopla exterior cortaviento e impermeable<\/p>\n<p>\u2022 Los tejidos el\u00e1sticos garantizan un ajuste suave<\/p>\n<p>\u2022 Impresi\u00f3n de silicona en la palma para un agarre mejorado<\/p>\n<p>\u2022 Dise\u00f1o 2 en 1<\/p>\n<p><strong>Composici\u00f3n:<\/strong> Body 92% Poli\u00e9ster, 8% Elastano, Cuff 77% Poli\u00e9ster reciclado, 23% Elastano, Upper front bodyFace 100% Poliuretano, Lininig upper front body Back 100% Poli\u00e9ster reciclado | <strong>Tallas:<\/strong> 6\/XXS-12\/XL<\/p>","protected":false},"excerpt":{"rendered":"<p>El guante h\u00edbrido Essence es un guante de entrenamiento 2 en 1 con interior cepillado y manopla cortaviento e impermeable para adaptarse r\u00e1pidamente a las condiciones meteorol\u00f3gicas cambiantes. Utiliza la manopla exterior para proteger tus manos en d<\/p>","protected":false},"featured_media":236372,"comment_status":"open","ping_status":"closed","template":"","meta":{"_acf_changed":false},"product_brand":[10489],"product_cat":[15147],"product_tag":[],"class_list":{"0":"post-229806","1":"product","2":"type-product","3":"status-publish","4":"has-post-thumbnail","6":"product_brand-craft","7":"product_cat-new-wave","8":"tm-no-options","10":"first","11":"instock","12":"taxable","13":"shipping-taxable","14":"product-type-variable"},"acf":[],"_links":{"self":[{"href":"https:\/\/grupotextil.es\/en\/wp-json\/wp\/v2\/product\/229806","targetHints":{"allow":["GET"]}}],"collection":[{"href":"https:\/\/grupotextil.es\/en\/wp-json\/wp\/v2\/product"}],"about":[{"href":"https:\/\/grupotextil.es\/en\/wp-json\/wp\/v2\/types\/product"}],"replies":[{"embeddable":true,"href":"https:\/\/grupotextil.es\/en\/wp-json\/wp\/v2\/comments?post=229806"}],"wp:featuredmedia":[{"embeddable":true,"href":"https:\/\/grupotextil.es\/en\/wp-json\/wp\/v2\/media\/236372"}],"wp:attachment":[{"href":"https:\/\/grupotextil.es\/en\/wp-json\/wp\/v2\/media?parent=229806"}],"wp:term":[{"taxonomy":"product_brand","embeddable":true,"href":"https:\/\/grupotextil.es\/en\/wp-json\/wp\/v2\/product_brand?post=229806"},{"taxonomy":"product_cat","embeddable":true,"href":"https:\/\/grupotextil.es\/en\/wp-json\/wp\/v2\/product_cat?post=229806"},{"taxonomy":"product_tag","embeddable":true,"href":"https:\/\/grupotextil.es\/en\/wp-json\/wp\/v2\/product_tag?post=229806"}],"curies":[{"name":"wp","href":"https:\/\/api.w.org\/{rel}","templated":true}]}}