{"id":229842,"date":"2026-03-04T07:01:35","date_gmt":"2026-03-04T06:01:35","guid":{"rendered":"https:\/\/grupotextil.es\/producto\/5557-pantalon-pirata\/"},"modified":"2026-04-19T04:06:57","modified_gmt":"2026-04-19T02:06:57","slug":"5557-pantalon-pirata","status":"publish","type":"product","link":"https:\/\/grupotextil.es\/en\/product\/5557-pantalon-pirata\/","title":{"rendered":"5557 PANTAL\u00d3N PIRATA"},"content":{"rendered":"<p>Pantal\u00f3n pirata totalmente el\u00e1stico para m\u00e1xima libertad de movimientos y comodidad. Los lados de la parte superior no son el\u00e1sticos para dar estabilidad al pantal\u00f3n. Aberturas de ventilaci\u00f3n con cremalleras a lo largo de ambos lados de las piernas con forro de malla, tambi\u00e9n hay ventilaci\u00f3n en cintura y en la parte trasera de las rodillas y bolsillos de las piernas, bolsillo lateral izquierdo para herramientas y bol\u00edgrafos, tambi\u00e9n bolsillo para m\u00f3vil con cierre magn\u00e9tico y gancho para sujetar la tarjeta identificactiva. Posibilidad de a\u00f1adir el sistema MOLLE en ambos lados. Detalles reflectantes para mayor visibilidad. Rodillas pre-curvadas. Bolsillos internos para rodilleras regulables a dos alturas. Las rodillas est\u00e1n reforzadas con Kevlar el\u00e1stico para una mayor durabilidad y comodidad.<\/p>\n<p><strong>Composici\u00f3n:<\/strong> Tejido 1: 65% poli\u00e9ster, 35% algod\u00f3n, 270 g\/m2. Tejido 2: 91% nylon, 9% spandex 248 g\/m2. Tejido 3: 91,5% nylon, 8,5% spandex 245 g\/m2. Tejido 4: 96% nylon, 4% elastano 238 g\/m2. Refuerzos: 100% Cordura\u00ae, Kevlar | <strong>Peso:<\/strong> 270 g\/m\u00b2 | <strong>Tallas:<\/strong> C44-D120<\/p>","protected":false},"excerpt":{"rendered":"<p>Pantal\u00f3n pirata totalmente el\u00e1stico para m\u00e1xima libertad de movimientos y comodidad. Los lados de la parte superior no son el\u00e1sticos para dar estabilidad al pantal\u00f3n. Aberturas de ventilaci\u00f3n con cremalleras a lo largo de ambos lados de las piernas c<\/p>","protected":false},"featured_media":236392,"comment_status":"open","ping_status":"closed","template":"","meta":{"_acf_changed":false},"product_brand":[10531],"product_cat":[13983],"product_tag":[],"class_list":{"0":"post-229842","1":"product","2":"type-product","3":"status-publish","4":"has-post-thumbnail","6":"product_brand-projob","7":"product_cat-h-pantalones","8":"tm-no-options","10":"first","11":"instock","12":"taxable","13":"shipping-taxable","14":"product-type-variable"},"acf":[],"_links":{"self":[{"href":"https:\/\/grupotextil.es\/en\/wp-json\/wp\/v2\/product\/229842","targetHints":{"allow":["GET"]}}],"collection":[{"href":"https:\/\/grupotextil.es\/en\/wp-json\/wp\/v2\/product"}],"about":[{"href":"https:\/\/grupotextil.es\/en\/wp-json\/wp\/v2\/types\/product"}],"replies":[{"embeddable":true,"href":"https:\/\/grupotextil.es\/en\/wp-json\/wp\/v2\/comments?post=229842"}],"wp:featuredmedia":[{"embeddable":true,"href":"https:\/\/grupotextil.es\/en\/wp-json\/wp\/v2\/media\/236392"}],"wp:attachment":[{"href":"https:\/\/grupotextil.es\/en\/wp-json\/wp\/v2\/media?parent=229842"}],"wp:term":[{"taxonomy":"product_brand","embeddable":true,"href":"https:\/\/grupotextil.es\/en\/wp-json\/wp\/v2\/product_brand?post=229842"},{"taxonomy":"product_cat","embeddable":true,"href":"https:\/\/grupotextil.es\/en\/wp-json\/wp\/v2\/product_cat?post=229842"},{"taxonomy":"product_tag","embeddable":true,"href":"https:\/\/grupotextil.es\/en\/wp-json\/wp\/v2\/product_tag?post=229842"}],"curies":[{"name":"wp","href":"https:\/\/api.w.org\/{rel}","templated":true}]}}