{"id":229874,"date":"2026-03-04T07:01:54","date_gmt":"2026-03-04T06:01:54","guid":{"rendered":"https:\/\/grupotextil.es\/producto\/ability-gear-bag\/"},"modified":"2026-04-19T04:06:57","modified_gmt":"2026-04-19T02:06:57","slug":"ability-gear-bag","status":"publish","type":"product","link":"https:\/\/grupotextil.es\/en\/product\/ability-gear-bag\/","title":{"rendered":"Ability Gear Bag"},"content":{"rendered":"<p>La Ability Gear Bag es una espaciosa bolsa de deporte con capacidad para un mont\u00f3n de equipamiento (camisetas, pantalones cortos, calcetines, etc.). El asa telesc\u00f3pica y sus resistentes ruedas facilitan el arrastre de la bolsa, mientras que sus numerosos bolsillos y compartimentos permiten guardar ropa y art\u00edculos diversos de forma ordenada. La bolsa est\u00e1 confeccionada con poli\u00e9ster y cloruro de polivinilo, lo que garantiza una excelente durabilidad.<\/p>\n<p>\u2022 Material resistente confeccionado con poli\u00e9ster reciclado y cloruro de polivinilo (PVC)<\/p>\n<p>\u2022 Ruedas ligeras y resistentes<\/p>\n<p>\u2022 Compartimentos interiores de malla para un almacenamiento ordenado<\/p>\n<p>\u2022 Dos bolsillos con cremallera<\/p>\n<p>\u2022 Asa telesc\u00f3pica para facilitar el arrastre de la bolsa<\/p>\n<p>\u2022 Resistentes asas de cinta para facilitar su transporte<\/p>\n<p>\u2022 Cremalleras bidireccionales<\/p>\n<p>\u2022 75\u00d735\u00d735\u00a0cm<\/p>\n<p>\u2022 95\u00a0l<\/p>\n<p><strong>Composici\u00f3n:<\/strong> Tejido exterior 1: 100\u00a0% poli\u00e9ster reciclado. Tejido exterior: 100\u00a0% cloruro de vinilo. Forro 2: 100\u00a0% poli\u00e9ster | <strong>Tallas:<\/strong> UD<\/p>","protected":false},"excerpt":{"rendered":"<p>La Ability Gear Bag es una espaciosa bolsa de deporte con capacidad para un mont\u00f3n de equipamiento (camisetas, pantalones cortos, calcetines, etc.). El asa telesc\u00f3pica y sus resistentes ruedas facilitan el arrastre de la bolsa, mientras que sus numer<\/p>","protected":false},"featured_media":236411,"comment_status":"open","ping_status":"closed","template":"","meta":{"_acf_changed":false},"product_brand":[10489],"product_cat":[15146],"product_tag":[],"class_list":{"0":"post-229874","1":"product","2":"type-product","3":"status-publish","4":"has-post-thumbnail","6":"product_brand-craft","7":"product_cat-bolsas","8":"tm-no-options","10":"first","11":"instock","12":"taxable","13":"shipping-taxable","14":"product-type-variable"},"acf":[],"_links":{"self":[{"href":"https:\/\/grupotextil.es\/en\/wp-json\/wp\/v2\/product\/229874","targetHints":{"allow":["GET"]}}],"collection":[{"href":"https:\/\/grupotextil.es\/en\/wp-json\/wp\/v2\/product"}],"about":[{"href":"https:\/\/grupotextil.es\/en\/wp-json\/wp\/v2\/types\/product"}],"replies":[{"embeddable":true,"href":"https:\/\/grupotextil.es\/en\/wp-json\/wp\/v2\/comments?post=229874"}],"wp:featuredmedia":[{"embeddable":true,"href":"https:\/\/grupotextil.es\/en\/wp-json\/wp\/v2\/media\/236411"}],"wp:attachment":[{"href":"https:\/\/grupotextil.es\/en\/wp-json\/wp\/v2\/media?parent=229874"}],"wp:term":[{"taxonomy":"product_brand","embeddable":true,"href":"https:\/\/grupotextil.es\/en\/wp-json\/wp\/v2\/product_brand?post=229874"},{"taxonomy":"product_cat","embeddable":true,"href":"https:\/\/grupotextil.es\/en\/wp-json\/wp\/v2\/product_cat?post=229874"},{"taxonomy":"product_tag","embeddable":true,"href":"https:\/\/grupotextil.es\/en\/wp-json\/wp\/v2\/product_tag?post=229874"}],"curies":[{"name":"wp","href":"https:\/\/api.w.org\/{rel}","templated":true}]}}