{"id":229917,"date":"2026-03-04T07:02:19","date_gmt":"2026-03-04T06:02:19","guid":{"rendered":"https:\/\/grupotextil.es\/producto\/essence-multi-grip-glove\/"},"modified":"2026-04-26T04:05:49","modified_gmt":"2026-04-26T02:05:49","slug":"essence-multi-grip-glove","status":"publish","type":"product","link":"https:\/\/grupotextil.es\/en\/product\/essence-multi-grip-glove\/","title":{"rendered":"Essence Multi Grip Glove"},"content":{"rendered":"<p>Essence Multi-Grip Glove es un guante de entrenamiento c\u00e1lido y el\u00e1stico dise\u00f1ado para todo tipo de entrenamientos durante la temporada de oto\u00f1o e invierno.<\/p>\n<p>El guante est\u00e1 confeccionado con un tejido de punto cepillado para ofrecer una calidez y un confort \u00f3ptimos, e incorpora una impresi\u00f3n de silicona en la palma para mejorar el agarre. Adem\u00e1s, el tejido compatible con pantallas t\u00e1ctiles de los dedos \u00edndice y pulgar permite utilizar f\u00e1cilmente smartphones y otros dispositivos sin necesidad de quitarse el guante.<\/p>\n<p>\u2022 Punto suave, el\u00e1stico y cepillado de poli\u00e9ster reciclado<\/p>\n<p>\u2022 Gripper de silicona en la palma para un agarre \u00f3ptimo<\/p>\n<p>\u2022 Dedos \u00edndice y pulgar compatibles con pantallas t\u00e1ctiles<\/p>\n<p>\u2022 Impresi\u00f3n reflectante<\/p>\n<p><strong>Composici\u00f3n:<\/strong> Body 92% Poli\u00e9ster, 8% Elastano, Palm Cuff 77% Poli\u00e9ster reciclado, 23% Elastano | <strong>Tallas:<\/strong> 6\/XXS-12\/XL<\/p>","protected":false},"excerpt":{"rendered":"<p>Essence Multi-Grip Glove es un guante de entrenamiento c\u00e1lido y el\u00e1stico dise\u00f1ado para todo tipo de entrenamientos durante la temporada de oto\u00f1o e invierno.<\/p>","protected":false},"featured_media":236438,"comment_status":"open","ping_status":"closed","template":"","meta":{"_acf_changed":false},"product_brand":[10489],"product_cat":[15147],"product_tag":[],"class_list":{"0":"post-229917","1":"product","2":"type-product","3":"status-publish","4":"has-post-thumbnail","6":"product_brand-craft","7":"product_cat-new-wave","8":"tm-no-options","10":"first","11":"instock","12":"taxable","13":"shipping-taxable","14":"product-type-variable"},"acf":[],"_links":{"self":[{"href":"https:\/\/grupotextil.es\/en\/wp-json\/wp\/v2\/product\/229917","targetHints":{"allow":["GET"]}}],"collection":[{"href":"https:\/\/grupotextil.es\/en\/wp-json\/wp\/v2\/product"}],"about":[{"href":"https:\/\/grupotextil.es\/en\/wp-json\/wp\/v2\/types\/product"}],"replies":[{"embeddable":true,"href":"https:\/\/grupotextil.es\/en\/wp-json\/wp\/v2\/comments?post=229917"}],"wp:featuredmedia":[{"embeddable":true,"href":"https:\/\/grupotextil.es\/en\/wp-json\/wp\/v2\/media\/236438"}],"wp:attachment":[{"href":"https:\/\/grupotextil.es\/en\/wp-json\/wp\/v2\/media?parent=229917"}],"wp:term":[{"taxonomy":"product_brand","embeddable":true,"href":"https:\/\/grupotextil.es\/en\/wp-json\/wp\/v2\/product_brand?post=229917"},{"taxonomy":"product_cat","embeddable":true,"href":"https:\/\/grupotextil.es\/en\/wp-json\/wp\/v2\/product_cat?post=229917"},{"taxonomy":"product_tag","embeddable":true,"href":"https:\/\/grupotextil.es\/en\/wp-json\/wp\/v2\/product_tag?post=229917"}],"curies":[{"name":"wp","href":"https:\/\/api.w.org\/{rel}","templated":true}]}}