{"id":229951,"date":"2026-03-04T07:02:40","date_gmt":"2026-03-04T06:02:40","guid":{"rendered":"https:\/\/grupotextil.es\/producto\/5560-pantalon-algodon-elastico\/"},"modified":"2026-04-26T04:05:50","modified_gmt":"2026-04-26T02:05:50","slug":"5560-pantalon-algodon-elastico","status":"publish","type":"product","link":"https:\/\/grupotextil.es\/en\/product\/5560-pantalon-algodon-elastico\/","title":{"rendered":"5560 PANTAL\u00d3N ALGOD\u00d3N EL\u00c1STICO"},"content":{"rendered":"<p>Pantal\u00f3n de algod\u00f3n resistente con tejido el\u00e1stico Cordura\u00ae en la parte trasera y entrepierna para proporcionar una mayor libertad de movimientos. Bolsillos tipo funda con compartimentos adicionales y refuerzo interno de Cordura\u00ae; si se desea, se pueden quitar los bolsillos tipo funda descosiendo la costura a contraste de la parte trasera. Amplios bolsillos a ambos lados de la pierna. Bolsillo en la pierna izquierda para herramientas y bol\u00edgrafos, bolsillo para m\u00f3vil con cierre magn\u00e9tico y gancho para sujetar la tarjeta identificativa. En el lado derecho bolsillo para cinta m\u00e9trica y bolsillo con bot\u00f3n para herramientas. Rodillas precurvadas. Bolsillos internos para protectores de rodilla, ajustables a dos niveles de altura.<\/p>\n<p><strong>Composici\u00f3n:<\/strong> Tejido 1: 100% Algod\u00f3n 375 g\/m2 Tejido 2: 90% Poliamida, 10% Elastano. Tejido 3: 91,5% Poliamida, 8,5% Elastano | <strong>Peso:<\/strong> 375 g\/m2 | <strong>Tallas:<\/strong> C44-D120<\/p>","protected":false},"excerpt":{"rendered":"<p>Pantal\u00f3n de algod\u00f3n resistente con tejido el\u00e1stico Cordura\u00ae en la parte trasera y entrepierna para proporcionar una mayor libertad de movimientos. Bolsillos tipo funda con compartimentos adicionales y refuerzo interno de Cordura\u00ae; si se desea, se pue<\/p>","protected":false},"featured_media":236448,"comment_status":"open","ping_status":"closed","template":"","meta":{"_acf_changed":false},"product_brand":[10531],"product_cat":[13983],"product_tag":[],"class_list":{"0":"post-229951","1":"product","2":"type-product","3":"status-publish","4":"has-post-thumbnail","6":"product_brand-projob","7":"product_cat-h-pantalones","8":"tm-no-options","10":"first","11":"instock","12":"taxable","13":"shipping-taxable","14":"product-type-variable"},"acf":[],"_links":{"self":[{"href":"https:\/\/grupotextil.es\/en\/wp-json\/wp\/v2\/product\/229951","targetHints":{"allow":["GET"]}}],"collection":[{"href":"https:\/\/grupotextil.es\/en\/wp-json\/wp\/v2\/product"}],"about":[{"href":"https:\/\/grupotextil.es\/en\/wp-json\/wp\/v2\/types\/product"}],"replies":[{"embeddable":true,"href":"https:\/\/grupotextil.es\/en\/wp-json\/wp\/v2\/comments?post=229951"}],"wp:featuredmedia":[{"embeddable":true,"href":"https:\/\/grupotextil.es\/en\/wp-json\/wp\/v2\/media\/236448"}],"wp:attachment":[{"href":"https:\/\/grupotextil.es\/en\/wp-json\/wp\/v2\/media?parent=229951"}],"wp:term":[{"taxonomy":"product_brand","embeddable":true,"href":"https:\/\/grupotextil.es\/en\/wp-json\/wp\/v2\/product_brand?post=229951"},{"taxonomy":"product_cat","embeddable":true,"href":"https:\/\/grupotextil.es\/en\/wp-json\/wp\/v2\/product_cat?post=229951"},{"taxonomy":"product_tag","embeddable":true,"href":"https:\/\/grupotextil.es\/en\/wp-json\/wp\/v2\/product_tag?post=229951"}],"curies":[{"name":"wp","href":"https:\/\/api.w.org\/{rel}","templated":true}]}}