{"id":230001,"date":"2026-03-04T07:03:11","date_gmt":"2026-03-04T06:03:11","guid":{"rendered":"https:\/\/grupotextil.es\/producto\/pb146-bedford-regular\/"},"modified":"2026-04-19T04:06:58","modified_gmt":"2026-04-19T02:06:58","slug":"pb146-bedford-regular","status":"publish","type":"product","link":"https:\/\/grupotextil.es\/en\/product\/pb146-bedford-regular\/","title":{"rendered":"PB146 Bedford Regular"},"content":{"rendered":"<p>Una nueva camisa vanguardista con el mismo esp\u00edritu que la antigua Purple Bow 46. Su estructura en tejido la destaca de nuestra sarga cl\u00e1sica. El tejido en combinaci\u00f3n con el cuello y su contraste presenta toda una declaraci\u00f3n audaz. El contraste es claramente visual en el blanco y m\u00e1s discreto en el lujoso azul marino. P\u00f3ntela con vaqueros y una americana o con un traje y zapatillas deportivas y estar\u00e1s impecable tanto en la oficina como en una cena formal.<\/p>\n<p><strong>Composici\u00f3n:<\/strong> 100 % Algod\u00f3n de fibra larga, 130 g\/m\u00b2. Estructura microcord bedford. Non-Iron. Costuras principales selladas. Pu\u00f1o de \u00e1ngulo simple, con orificio para gemelos. Lujosos botones marinos de 4 mm de grosor. | <strong>Peso:<\/strong> 130 g\/m\u00b2 | <strong>Tallas:<\/strong> S-4XL<\/p>","protected":false},"excerpt":{"rendered":"<p>Una nueva camisa vanguardista con el mismo esp\u00edritu que la antigua Purple Bow 46. Su estructura en tejido la destaca de nuestra sarga cl\u00e1sica. El tejido en combinaci\u00f3n con el cuello y su contraste presenta toda una declaraci\u00f3n audaz. El contraste es<\/p>","protected":false},"featured_media":236456,"comment_status":"open","ping_status":"closed","template":"","meta":{"_acf_changed":false},"product_brand":[10563],"product_cat":[13995],"product_tag":[],"class_list":{"0":"post-230001","1":"product","2":"type-product","3":"status-publish","4":"has-post-thumbnail","6":"product_brand-j-harvest-frost","7":"product_cat-n-camisetas","8":"tm-no-options","10":"first","11":"instock","12":"taxable","13":"shipping-taxable","14":"product-type-variable"},"acf":[],"_links":{"self":[{"href":"https:\/\/grupotextil.es\/en\/wp-json\/wp\/v2\/product\/230001","targetHints":{"allow":["GET"]}}],"collection":[{"href":"https:\/\/grupotextil.es\/en\/wp-json\/wp\/v2\/product"}],"about":[{"href":"https:\/\/grupotextil.es\/en\/wp-json\/wp\/v2\/types\/product"}],"replies":[{"embeddable":true,"href":"https:\/\/grupotextil.es\/en\/wp-json\/wp\/v2\/comments?post=230001"}],"wp:featuredmedia":[{"embeddable":true,"href":"https:\/\/grupotextil.es\/en\/wp-json\/wp\/v2\/media\/236456"}],"wp:attachment":[{"href":"https:\/\/grupotextil.es\/en\/wp-json\/wp\/v2\/media?parent=230001"}],"wp:term":[{"taxonomy":"product_brand","embeddable":true,"href":"https:\/\/grupotextil.es\/en\/wp-json\/wp\/v2\/product_brand?post=230001"},{"taxonomy":"product_cat","embeddable":true,"href":"https:\/\/grupotextil.es\/en\/wp-json\/wp\/v2\/product_cat?post=230001"},{"taxonomy":"product_tag","embeddable":true,"href":"https:\/\/grupotextil.es\/en\/wp-json\/wp\/v2\/product_tag?post=230001"}],"curies":[{"name":"wp","href":"https:\/\/api.w.org\/{rel}","templated":true}]}}