{"id":230039,"date":"2026-03-04T07:03:34","date_gmt":"2026-03-04T06:03:34","guid":{"rendered":"https:\/\/grupotextil.es\/producto\/harvest-stretch-belt\/"},"modified":"2026-05-03T04:06:41","modified_gmt":"2026-05-03T02:06:41","slug":"harvest-stretch-belt","status":"publish","type":"product","link":"https:\/\/grupotextil.es\/en\/product\/harvest-stretch-belt\/","title":{"rendered":"Harvest Stretch Belt"},"content":{"rendered":"<p>Cintur\u00f3n trenzado y el\u00e1stico con hebilla met\u00e1lica. Presentado en una caja de regalo exclusiva. Disponible en las tallas 70=85 cm, 85=100 cm, 95=100 cm y 110=125 cm.<\/p>\n<p><strong>Composici\u00f3n:<\/strong>  74,6 % polipropileno, 25,4 % elastodieno. Cuero sint\u00e9tico: 100 % poliuretano. | <strong>Tallas:<\/strong> 70-95<\/p>","protected":false},"excerpt":{"rendered":"<p>Cintur\u00f3n trenzado y el\u00e1stico con hebilla met\u00e1lica. Presentado en una caja de regalo exclusiva. Disponible en las tallas 70=85 cm, 85=100 cm, 95=100 cm y 110=125 cm.<\/p>","protected":false},"featured_media":236463,"comment_status":"open","ping_status":"closed","template":"","meta":{"_acf_changed":false},"product_brand":[10521],"product_cat":[13948],"product_tag":[],"class_list":{"0":"post-230039","1":"product","2":"type-product","3":"status-publish","4":"has-post-thumbnail","6":"product_brand-james-harvest","7":"product_cat-accesorios","8":"tm-no-options","10":"first","11":"instock","12":"taxable","13":"shipping-taxable","14":"product-type-variable"},"acf":[],"_links":{"self":[{"href":"https:\/\/grupotextil.es\/en\/wp-json\/wp\/v2\/product\/230039","targetHints":{"allow":["GET"]}}],"collection":[{"href":"https:\/\/grupotextil.es\/en\/wp-json\/wp\/v2\/product"}],"about":[{"href":"https:\/\/grupotextil.es\/en\/wp-json\/wp\/v2\/types\/product"}],"replies":[{"embeddable":true,"href":"https:\/\/grupotextil.es\/en\/wp-json\/wp\/v2\/comments?post=230039"}],"wp:featuredmedia":[{"embeddable":true,"href":"https:\/\/grupotextil.es\/en\/wp-json\/wp\/v2\/media\/236463"}],"wp:attachment":[{"href":"https:\/\/grupotextil.es\/en\/wp-json\/wp\/v2\/media?parent=230039"}],"wp:term":[{"taxonomy":"product_brand","embeddable":true,"href":"https:\/\/grupotextil.es\/en\/wp-json\/wp\/v2\/product_brand?post=230039"},{"taxonomy":"product_cat","embeddable":true,"href":"https:\/\/grupotextil.es\/en\/wp-json\/wp\/v2\/product_cat?post=230039"},{"taxonomy":"product_tag","embeddable":true,"href":"https:\/\/grupotextil.es\/en\/wp-json\/wp\/v2\/product_tag?post=230039"}],"curies":[{"name":"wp","href":"https:\/\/api.w.org\/{rel}","templated":true}]}}