{"id":230131,"date":"2026-03-04T07:04:31","date_gmt":"2026-03-04T06:04:31","guid":{"rendered":"https:\/\/grupotextil.es\/producto\/2501-pantalon\/"},"modified":"2026-04-19T04:06:59","modified_gmt":"2026-04-19T02:06:59","slug":"2501-pantalon","status":"publish","type":"product","link":"https:\/\/grupotextil.es\/en\/product\/2501-pantalon\/","title":{"rendered":"2501 PANTAL\u00d3N"},"content":{"rendered":"<p>Pantal\u00f3n con bolsillos laterales, el derecho con bolsillo interior de seguridad con cierre de cremallera. Bolsillos en las piernas, en el lado izquierdo un amplio bolsillo con solapa y cierre de velcro y un bolsillo para el m\u00f3vil. En el lado derecho bolsillos para bol\u00edgrafos, papel y cinta m\u00e9trica. Bolsillos traseros. D-Ring en la parte delantera. Bolsillos internos para protecci\u00f3n de las rodillas.<\/p>\n<p><strong>Composici\u00f3n:<\/strong> 65% poli\u00e9ster, 35% algod\u00f3n, 245 g\/m\u00b2 | <strong>Peso:<\/strong> 245 g\/m\u00b2 | <strong>Tallas:<\/strong> C44-D120<\/p>","protected":false},"excerpt":{"rendered":"<p>Pantal\u00f3n con bolsillos laterales, el derecho con bolsillo interior de seguridad con cierre de cremallera. Bolsillos en las piernas, en el lado izquierdo un amplio bolsillo con solapa y cierre de velcro y un bolsillo para el m\u00f3vil. En el lado derecho<\/p>","protected":false},"featured_media":236509,"comment_status":"open","ping_status":"closed","template":"","meta":{"_acf_changed":false},"product_brand":[10531],"product_cat":[13983],"product_tag":[],"class_list":{"0":"post-230131","1":"product","2":"type-product","3":"status-publish","4":"has-post-thumbnail","6":"product_brand-projob","7":"product_cat-h-pantalones","8":"tm-no-options","10":"first","11":"instock","12":"taxable","13":"shipping-taxable","14":"product-type-variable"},"acf":[],"_links":{"self":[{"href":"https:\/\/grupotextil.es\/en\/wp-json\/wp\/v2\/product\/230131","targetHints":{"allow":["GET"]}}],"collection":[{"href":"https:\/\/grupotextil.es\/en\/wp-json\/wp\/v2\/product"}],"about":[{"href":"https:\/\/grupotextil.es\/en\/wp-json\/wp\/v2\/types\/product"}],"replies":[{"embeddable":true,"href":"https:\/\/grupotextil.es\/en\/wp-json\/wp\/v2\/comments?post=230131"}],"wp:featuredmedia":[{"embeddable":true,"href":"https:\/\/grupotextil.es\/en\/wp-json\/wp\/v2\/media\/236509"}],"wp:attachment":[{"href":"https:\/\/grupotextil.es\/en\/wp-json\/wp\/v2\/media?parent=230131"}],"wp:term":[{"taxonomy":"product_brand","embeddable":true,"href":"https:\/\/grupotextil.es\/en\/wp-json\/wp\/v2\/product_brand?post=230131"},{"taxonomy":"product_cat","embeddable":true,"href":"https:\/\/grupotextil.es\/en\/wp-json\/wp\/v2\/product_cat?post=230131"},{"taxonomy":"product_tag","embeddable":true,"href":"https:\/\/grupotextil.es\/en\/wp-json\/wp\/v2\/product_tag?post=230131"}],"curies":[{"name":"wp","href":"https:\/\/api.w.org\/{rel}","templated":true}]}}