{"id":230140,"date":"2026-03-04T07:04:37","date_gmt":"2026-03-04T06:04:37","guid":{"rendered":"https:\/\/grupotextil.es\/producto\/classic-cardigan-women\/"},"modified":"2026-04-19T04:06:59","modified_gmt":"2026-04-19T02:06:59","slug":"classic-cardigan-women","status":"publish","type":"product","link":"https:\/\/grupotextil.es\/en\/product\/classic-cardigan-women\/","title":{"rendered":"Classic Cardigan Women"},"content":{"rendered":"<p>Sudadera c\u00e1rdigan  de cremallera entera. Canal\u00e9 el\u00e1stico 2&#215;2 en mangas y cintura. Costuras a tono. Bolsillos con soluci\u00f3n para auriculares.<\/p>\n<p><strong>Composici\u00f3n:<\/strong> 80% algod\u00f3n, 20% poli\u00e9ster, (antracita marengo [955] 60% algod\u00f3n,<br \/>\n40% poli\u00e9ster. Gris marengo [95] 85% algod\u00f3n 15% viscosa) | <strong>Peso:<\/strong> 300 g\/m2 | <strong>Tallas:<\/strong> XS-XXL<\/p>","protected":false},"excerpt":{"rendered":"<p>Sudadera c\u00e1rdigan  de cremallera entera. Canal\u00e9 el\u00e1stico 2&#215;2 en mangas y cintura. Costuras a tono. Bolsillos con soluci\u00f3n para auriculares.<\/p>","protected":false},"featured_media":236515,"comment_status":"open","ping_status":"closed","template":"","meta":{"_acf_changed":false},"product_brand":[10446],"product_cat":[13980],"product_tag":[],"class_list":{"0":"post-230140","1":"product","2":"type-product","3":"status-publish","4":"has-post-thumbnail","6":"product_brand-clique","7":"product_cat-h-sudaderas","8":"tm-no-options","10":"first","11":"instock","12":"taxable","13":"shipping-taxable","14":"product-type-variable"},"acf":[],"_links":{"self":[{"href":"https:\/\/grupotextil.es\/en\/wp-json\/wp\/v2\/product\/230140","targetHints":{"allow":["GET"]}}],"collection":[{"href":"https:\/\/grupotextil.es\/en\/wp-json\/wp\/v2\/product"}],"about":[{"href":"https:\/\/grupotextil.es\/en\/wp-json\/wp\/v2\/types\/product"}],"replies":[{"embeddable":true,"href":"https:\/\/grupotextil.es\/en\/wp-json\/wp\/v2\/comments?post=230140"}],"wp:featuredmedia":[{"embeddable":true,"href":"https:\/\/grupotextil.es\/en\/wp-json\/wp\/v2\/media\/236515"}],"wp:attachment":[{"href":"https:\/\/grupotextil.es\/en\/wp-json\/wp\/v2\/media?parent=230140"}],"wp:term":[{"taxonomy":"product_brand","embeddable":true,"href":"https:\/\/grupotextil.es\/en\/wp-json\/wp\/v2\/product_brand?post=230140"},{"taxonomy":"product_cat","embeddable":true,"href":"https:\/\/grupotextil.es\/en\/wp-json\/wp\/v2\/product_cat?post=230140"},{"taxonomy":"product_tag","embeddable":true,"href":"https:\/\/grupotextil.es\/en\/wp-json\/wp\/v2\/product_tag?post=230140"}],"curies":[{"name":"wp","href":"https:\/\/api.w.org\/{rel}","templated":true}]}}