{"id":230148,"date":"2026-03-04T07:04:42","date_gmt":"2026-03-04T06:04:42","guid":{"rendered":"https:\/\/grupotextil.es\/producto\/ability-down-jacket-w\/"},"modified":"2026-04-19T04:06:59","modified_gmt":"2026-04-19T02:06:59","slug":"ability-down-jacket-w","status":"publish","type":"product","link":"https:\/\/grupotextil.es\/en\/product\/ability-down-jacket-w\/","title":{"rendered":"Ability Down Jacket W"},"content":{"rendered":"<p>Ability Down Jacket es una chaqueta c\u00e1lida que ofrece un gran aislamiento en condiciones fr\u00edas. La chaqueta de plum\u00f3n tiene un acabado exterior mate que la hace perfecta para la marca. Adem\u00e1s, la prenda cuenta con capucha ajustable con cord\u00f3n, pu\u00f1os de punto con orificios para los pulgares, bolsillo interior de malla grande y dos bolsillos laterales con cremallera. Ajustable con cord\u00f3n en cintura y capucha para un ajuste \u00f3ptimo.<\/p>\n<p><strong>Composici\u00f3n:<\/strong> Tejido: 100% Poli\u00e9ster reciclado. Acolchado: 60% Plum\u00f3n, 40% Pluma | <strong>Peso:<\/strong> 60 g\/m2 | <strong>Tallas:<\/strong> XS-XXL<\/p>","protected":false},"excerpt":{"rendered":"<p>Ability Down Jacket es una chaqueta c\u00e1lida que ofrece un gran aislamiento en condiciones fr\u00edas. La chaqueta de plum\u00f3n tiene un acabado exterior mate que la hace perfecta para la marca. Adem\u00e1s, la prenda cuenta con capucha ajustable con cord\u00f3n, pu\u00f1os<\/p>","protected":false},"featured_media":236519,"comment_status":"open","ping_status":"closed","template":"","meta":{"_acf_changed":false},"product_brand":[10489],"product_cat":[13998],"product_tag":[],"class_list":{"0":"post-230148","1":"product","2":"type-product","3":"status-publish","4":"has-post-thumbnail","6":"product_brand-craft","7":"product_cat-n-chaquetas","8":"tm-no-options","10":"first","11":"instock","12":"taxable","13":"shipping-taxable","14":"product-type-variable"},"acf":[],"_links":{"self":[{"href":"https:\/\/grupotextil.es\/en\/wp-json\/wp\/v2\/product\/230148","targetHints":{"allow":["GET"]}}],"collection":[{"href":"https:\/\/grupotextil.es\/en\/wp-json\/wp\/v2\/product"}],"about":[{"href":"https:\/\/grupotextil.es\/en\/wp-json\/wp\/v2\/types\/product"}],"replies":[{"embeddable":true,"href":"https:\/\/grupotextil.es\/en\/wp-json\/wp\/v2\/comments?post=230148"}],"wp:featuredmedia":[{"embeddable":true,"href":"https:\/\/grupotextil.es\/en\/wp-json\/wp\/v2\/media\/236519"}],"wp:attachment":[{"href":"https:\/\/grupotextil.es\/en\/wp-json\/wp\/v2\/media?parent=230148"}],"wp:term":[{"taxonomy":"product_brand","embeddable":true,"href":"https:\/\/grupotextil.es\/en\/wp-json\/wp\/v2\/product_brand?post=230148"},{"taxonomy":"product_cat","embeddable":true,"href":"https:\/\/grupotextil.es\/en\/wp-json\/wp\/v2\/product_cat?post=230148"},{"taxonomy":"product_tag","embeddable":true,"href":"https:\/\/grupotextil.es\/en\/wp-json\/wp\/v2\/product_tag?post=230148"}],"curies":[{"name":"wp","href":"https:\/\/api.w.org\/{rel}","templated":true}]}}