{"id":230260,"date":"2026-03-04T07:05:52","date_gmt":"2026-03-04T06:05:52","guid":{"rendered":"https:\/\/grupotextil.es\/producto\/kingslake\/"},"modified":"2026-04-26T04:05:51","modified_gmt":"2026-04-26T02:05:51","slug":"kingslake","status":"publish","type":"product","link":"https:\/\/grupotextil.es\/en\/product\/kingslake\/","title":{"rendered":"Kingslake"},"content":{"rendered":"<p>Chaqueta acolchada resistente a viento y agua. Cuatro bolsillos exteriores con cremalleras, un bolsillo interior con cremallera y dos interiores de malla. Capucha extra\u00edble y pu\u00f1os escondidos en mangas. Adaptado para auricular.<\/p>\n<p><strong>Composici\u00f3n:<\/strong> Exterior 100% poli\u00e9ster con revestimiento PU, acolchado 100% poli\u00e9ster. Forro 100% poli\u00e9ster. WP 3000\/MVP 3000 | <strong>Peso:<\/strong> 160 g\/m2 padding, 140 g\/m2 sleeves  | <strong>Tallas:<\/strong> XS-3XL<\/p>","protected":false},"excerpt":{"rendered":"<p>Chaqueta acolchada resistente a viento y agua. Cuatro bolsillos exteriores con cremalleras, un bolsillo interior con cremallera y dos interiores de malla. Capucha extra\u00edble y pu\u00f1os escondidos en mangas. Adaptado para auricular.<\/p>","protected":false},"featured_media":236576,"comment_status":"open","ping_status":"closed","template":"","meta":{"_acf_changed":false},"product_brand":[10446],"product_cat":[13998],"product_tag":[],"class_list":{"0":"post-230260","1":"product","2":"type-product","3":"status-publish","4":"has-post-thumbnail","6":"product_brand-clique","7":"product_cat-n-chaquetas","8":"tm-no-options","10":"first","11":"instock","12":"taxable","13":"shipping-taxable","14":"product-type-variable"},"acf":[],"_links":{"self":[{"href":"https:\/\/grupotextil.es\/en\/wp-json\/wp\/v2\/product\/230260","targetHints":{"allow":["GET"]}}],"collection":[{"href":"https:\/\/grupotextil.es\/en\/wp-json\/wp\/v2\/product"}],"about":[{"href":"https:\/\/grupotextil.es\/en\/wp-json\/wp\/v2\/types\/product"}],"replies":[{"embeddable":true,"href":"https:\/\/grupotextil.es\/en\/wp-json\/wp\/v2\/comments?post=230260"}],"wp:featuredmedia":[{"embeddable":true,"href":"https:\/\/grupotextil.es\/en\/wp-json\/wp\/v2\/media\/236576"}],"wp:attachment":[{"href":"https:\/\/grupotextil.es\/en\/wp-json\/wp\/v2\/media?parent=230260"}],"wp:term":[{"taxonomy":"product_brand","embeddable":true,"href":"https:\/\/grupotextil.es\/en\/wp-json\/wp\/v2\/product_brand?post=230260"},{"taxonomy":"product_cat","embeddable":true,"href":"https:\/\/grupotextil.es\/en\/wp-json\/wp\/v2\/product_cat?post=230260"},{"taxonomy":"product_tag","embeddable":true,"href":"https:\/\/grupotextil.es\/en\/wp-json\/wp\/v2\/product_tag?post=230260"}],"curies":[{"name":"wp","href":"https:\/\/api.w.org\/{rel}","templated":true}]}}