{"id":230309,"date":"2026-03-04T07:06:22","date_gmt":"2026-03-04T06:06:22","guid":{"rendered":"https:\/\/grupotextil.es\/producto\/5512-pantalon-multibolsillos-cordura\/"},"modified":"2026-04-19T04:06:59","modified_gmt":"2026-04-19T02:06:59","slug":"5512-pantalon-multibolsillos-cordura","status":"publish","type":"product","link":"https:\/\/grupotextil.es\/en\/product\/5512-pantalon-multibolsillos-cordura\/","title":{"rendered":"5512 PANTAL\u00d3N MULTIBOLSILLOS CORDURA"},"content":{"rendered":"<p>Pantalones en poli\u00e9ster\/algod\u00f3n con refuerzos para una mayor durabilidad. Bolsillos colgantes para guardar peque\u00f1as piezas met\u00e1licas, que se pueden ocultar, uno de ellos con trabillas para colgar herramientas. Los bolsillos para clavos est\u00e1n reforzados de 100% Cordura\u00ae. Doble tejido para proteger los muslos. Bolsillo tipo \u201dcargo pocket\u201d con espacio para m\u00f3vil, bol\u00edgrafo y herramientas. Dos trabillas ajustables para el martillo y dos anillas para colgar llaves. Bolsillo para cinta m\u00e9trica, herramientas y bot\u00f3n para el c\u00fater. Bolsillos protectores ajustables de Cordura\u00ae para las rodillas con abertura interior. La parte baja detr\u00e1s de las piernas est\u00e1 reforzada con Cordura\u00ae. Los bolsillos traseros y \u201dcargo pockets\u201d llevan trabillas para adaptar nuestros Inbags.<\/p>\n<p><strong>Composici\u00f3n:<\/strong> 65% poli\u00e9ster, 35% algod\u00f3n, 245 g\/m2 Refuerzos: 100% poliamida, Cordura\u00ae | <strong>Peso:<\/strong> 245 g\/m2 | <strong>Tallas:<\/strong> C44-D120 (55: C52)<\/p>","protected":false},"excerpt":{"rendered":"<p>Pantalones en poli\u00e9ster\/algod\u00f3n con refuerzos para una mayor durabilidad. Bolsillos colgantes para guardar peque\u00f1as piezas met\u00e1licas, que se pueden ocultar, uno de ellos con trabillas para colgar herramientas. Los bolsillos para clavos est\u00e1n reforzad<\/p>","protected":false},"featured_media":236599,"comment_status":"open","ping_status":"closed","template":"","meta":{"_acf_changed":false},"product_brand":[10531],"product_cat":[13983],"product_tag":[],"class_list":{"0":"post-230309","1":"product","2":"type-product","3":"status-publish","4":"has-post-thumbnail","6":"product_brand-projob","7":"product_cat-h-pantalones","8":"tm-no-options","10":"first","11":"instock","12":"taxable","13":"shipping-taxable","14":"product-type-variable"},"acf":[],"_links":{"self":[{"href":"https:\/\/grupotextil.es\/en\/wp-json\/wp\/v2\/product\/230309","targetHints":{"allow":["GET"]}}],"collection":[{"href":"https:\/\/grupotextil.es\/en\/wp-json\/wp\/v2\/product"}],"about":[{"href":"https:\/\/grupotextil.es\/en\/wp-json\/wp\/v2\/types\/product"}],"replies":[{"embeddable":true,"href":"https:\/\/grupotextil.es\/en\/wp-json\/wp\/v2\/comments?post=230309"}],"wp:featuredmedia":[{"embeddable":true,"href":"https:\/\/grupotextil.es\/en\/wp-json\/wp\/v2\/media\/236599"}],"wp:attachment":[{"href":"https:\/\/grupotextil.es\/en\/wp-json\/wp\/v2\/media?parent=230309"}],"wp:term":[{"taxonomy":"product_brand","embeddable":true,"href":"https:\/\/grupotextil.es\/en\/wp-json\/wp\/v2\/product_brand?post=230309"},{"taxonomy":"product_cat","embeddable":true,"href":"https:\/\/grupotextil.es\/en\/wp-json\/wp\/v2\/product_cat?post=230309"},{"taxonomy":"product_tag","embeddable":true,"href":"https:\/\/grupotextil.es\/en\/wp-json\/wp\/v2\/product_tag?post=230309"}],"curies":[{"name":"wp","href":"https:\/\/api.w.org\/{rel}","templated":true}]}}