{"id":230640,"date":"2026-03-04T07:09:50","date_gmt":"2026-03-04T06:09:50","guid":{"rendered":"https:\/\/grupotextil.es\/producto\/heavier-pro\/"},"modified":"2026-04-19T04:07:01","modified_gmt":"2026-04-19T02:07:01","slug":"heavier-pro","status":"publish","type":"product","link":"https:\/\/grupotextil.es\/en\/product\/heavier-pro\/","title":{"rendered":"Heavier Pro"},"content":{"rendered":"<p>Camiseta de corte moderno con refuerzo en las costuras de los hombros y doble pespunte alrededor del cuello. Elastano en el cuello. Cuello con cuatro capas para mayor estabilidad. Se presenta en una bolsa de base biol\u00f3gica y compostable. Certificado Oeko-Tex.<\/p>\n<p><strong>Composici\u00f3n:<\/strong> 60% Algod\u00f3n org\u00e1nico, 40% Poli\u00e9ster reciclado, 180 g\/m\u00b2 (120 Gris marengo: 85% Algod\u00f3n org\u00e1nico, 15% Viscosa) | <strong>Peso:<\/strong> 180 g\/m\u00b2 | <strong>Tallas:<\/strong> S-5XL<\/p>","protected":false},"excerpt":{"rendered":"<p>Camiseta de corte moderno con refuerzo en las costuras de los hombros y doble pespunte alrededor del cuello. Elastano en el cuello. Cuello con cuatro capas para mayor estabilidad. Se presenta en una bolsa de base biol\u00f3gica y compostable. Certificado<\/p>","protected":false},"featured_media":236735,"comment_status":"open","ping_status":"closed","template":"","meta":{"_acf_changed":false},"product_brand":[10522],"product_cat":[13974,13975,13973],"product_tag":[],"class_list":{"0":"post-230640","1":"product","2":"type-product","3":"status-publish","4":"has-post-thumbnail","6":"product_brand-printer","7":"product_cat-ropa-hombre","8":"product_cat-ropa-mujer","9":"product_cat-ropa","10":"tm-no-options","12":"first","13":"instock","14":"taxable","15":"shipping-taxable","16":"product-type-variable"},"acf":[],"_links":{"self":[{"href":"https:\/\/grupotextil.es\/en\/wp-json\/wp\/v2\/product\/230640","targetHints":{"allow":["GET"]}}],"collection":[{"href":"https:\/\/grupotextil.es\/en\/wp-json\/wp\/v2\/product"}],"about":[{"href":"https:\/\/grupotextil.es\/en\/wp-json\/wp\/v2\/types\/product"}],"replies":[{"embeddable":true,"href":"https:\/\/grupotextil.es\/en\/wp-json\/wp\/v2\/comments?post=230640"}],"wp:featuredmedia":[{"embeddable":true,"href":"https:\/\/grupotextil.es\/en\/wp-json\/wp\/v2\/media\/236735"}],"wp:attachment":[{"href":"https:\/\/grupotextil.es\/en\/wp-json\/wp\/v2\/media?parent=230640"}],"wp:term":[{"taxonomy":"product_brand","embeddable":true,"href":"https:\/\/grupotextil.es\/en\/wp-json\/wp\/v2\/product_brand?post=230640"},{"taxonomy":"product_cat","embeddable":true,"href":"https:\/\/grupotextil.es\/en\/wp-json\/wp\/v2\/product_cat?post=230640"},{"taxonomy":"product_tag","embeddable":true,"href":"https:\/\/grupotextil.es\/en\/wp-json\/wp\/v2\/product_tag?post=230640"}],"curies":[{"name":"wp","href":"https:\/\/api.w.org\/{rel}","templated":true}]}}