{"id":230708,"date":"2026-03-04T07:10:31","date_gmt":"2026-03-04T06:10:31","guid":{"rendered":"https:\/\/grupotextil.es\/producto\/melville-heights-woman\/"},"modified":"2026-04-19T04:07:01","modified_gmt":"2026-04-19T02:07:01","slug":"melville-heights-woman","status":"publish","type":"product","link":"https:\/\/grupotextil.es\/en\/product\/melville-heights-woman\/","title":{"rendered":"Melville Heights Woman"},"content":{"rendered":"<p>Sudadera de cremallera entera con media luna en cuello. Cremallera frontal y en bolsillos laterales de nano membrana de aspecto met\u00e1lico a contraste. Afelpado en el interior. Canal\u00e9 en pu\u00f1os y cintura. Certificado Oeko-Tex 100.<\/p>\n<p><strong>Composici\u00f3n:<\/strong> 85% algod\u00f3n org\u00e1nico, 15% PES reciclado | <strong>Peso:<\/strong> 300 g\/m\u00b2 | <strong>Tallas:<\/strong> XS-XXL<\/p>","protected":false},"excerpt":{"rendered":"<p>Sudadera de cremallera entera con media luna en cuello. Cremallera frontal y en bolsillos laterales de nano membrana de aspecto met\u00e1lico a contraste. Afelpado en el interior. Canal\u00e9 en pu\u00f1os y cintura. Certificado Oeko-Tex 100.<\/p>","protected":false},"featured_media":236745,"comment_status":"open","ping_status":"closed","template":"","meta":{"_acf_changed":false},"product_brand":[10521],"product_cat":[15147],"product_tag":[],"class_list":{"0":"post-230708","1":"product","2":"type-product","3":"status-publish","4":"has-post-thumbnail","6":"product_brand-james-harvest","7":"product_cat-new-wave","8":"tm-no-options","10":"first","11":"instock","12":"taxable","13":"shipping-taxable","14":"product-type-variable"},"acf":[],"_links":{"self":[{"href":"https:\/\/grupotextil.es\/en\/wp-json\/wp\/v2\/product\/230708","targetHints":{"allow":["GET"]}}],"collection":[{"href":"https:\/\/grupotextil.es\/en\/wp-json\/wp\/v2\/product"}],"about":[{"href":"https:\/\/grupotextil.es\/en\/wp-json\/wp\/v2\/types\/product"}],"replies":[{"embeddable":true,"href":"https:\/\/grupotextil.es\/en\/wp-json\/wp\/v2\/comments?post=230708"}],"wp:featuredmedia":[{"embeddable":true,"href":"https:\/\/grupotextil.es\/en\/wp-json\/wp\/v2\/media\/236745"}],"wp:attachment":[{"href":"https:\/\/grupotextil.es\/en\/wp-json\/wp\/v2\/media?parent=230708"}],"wp:term":[{"taxonomy":"product_brand","embeddable":true,"href":"https:\/\/grupotextil.es\/en\/wp-json\/wp\/v2\/product_brand?post=230708"},{"taxonomy":"product_cat","embeddable":true,"href":"https:\/\/grupotextil.es\/en\/wp-json\/wp\/v2\/product_cat?post=230708"},{"taxonomy":"product_tag","embeddable":true,"href":"https:\/\/grupotextil.es\/en\/wp-json\/wp\/v2\/product_tag?post=230708"}],"curies":[{"name":"wp","href":"https:\/\/api.w.org\/{rel}","templated":true}]}}