{"id":230796,"date":"2026-03-04T07:11:25","date_gmt":"2026-03-04T06:11:25","guid":{"rendered":"https:\/\/grupotextil.es\/producto\/hiker\/"},"modified":"2026-04-19T04:07:02","modified_gmt":"2026-04-19T02:07:02","slug":"hiker","status":"publish","type":"product","link":"https:\/\/grupotextil.es\/en\/product\/hiker\/","title":{"rendered":"Hiker"},"content":{"rendered":"<p>Chaqueta con costuras selladas. Cremallera impermeable frontal y en el bolsillo del pecho. Cremalleras de nylon invertidas en los bolsillos laterales. Mangas ajustables con velcro. Forro interior de malla con cremallera bordada. La capucha y cintura son ajustables con un cord\u00f3n el\u00e1stico. Tiradores de cremallera en color a contraste. Posibilidad de a\u00f1adir tiradores de cremallera en otros colores a juego con el logotipo de la empresa. Este art\u00edculo se presenta en una bolsa de polietileno biodegradable y compostable.<\/p>\n<p><strong>Composici\u00f3n:<\/strong> Exterior: 100% Poli\u00e9ster reciclado, 140 g\/m\u00b2, WP 5000\/ MVP 5000. Forro: 100% malla de poli\u00e9ster | <strong>Peso:<\/strong> 140 g\/m\u00b2 | <strong>Tallas:<\/strong> S-5XL<\/p>","protected":false},"excerpt":{"rendered":"<p>Chaqueta con costuras selladas. Cremallera impermeable frontal y en el bolsillo del pecho. Cremalleras de nylon invertidas en los bolsillos laterales. Mangas ajustables con velcro. Forro interior de malla con cremallera bordada. La capucha y cintura<\/p>","protected":false},"featured_media":236760,"comment_status":"open","ping_status":"closed","template":"","meta":{"_acf_changed":false},"product_brand":[10522],"product_cat":[15147],"product_tag":[],"class_list":{"0":"post-230796","1":"product","2":"type-product","3":"status-publish","4":"has-post-thumbnail","6":"product_brand-printer","7":"product_cat-new-wave","8":"tm-no-options","10":"first","11":"instock","12":"taxable","13":"shipping-taxable","14":"product-type-variable"},"acf":[],"_links":{"self":[{"href":"https:\/\/grupotextil.es\/en\/wp-json\/wp\/v2\/product\/230796","targetHints":{"allow":["GET"]}}],"collection":[{"href":"https:\/\/grupotextil.es\/en\/wp-json\/wp\/v2\/product"}],"about":[{"href":"https:\/\/grupotextil.es\/en\/wp-json\/wp\/v2\/types\/product"}],"replies":[{"embeddable":true,"href":"https:\/\/grupotextil.es\/en\/wp-json\/wp\/v2\/comments?post=230796"}],"wp:featuredmedia":[{"embeddable":true,"href":"https:\/\/grupotextil.es\/en\/wp-json\/wp\/v2\/media\/236760"}],"wp:attachment":[{"href":"https:\/\/grupotextil.es\/en\/wp-json\/wp\/v2\/media?parent=230796"}],"wp:term":[{"taxonomy":"product_brand","embeddable":true,"href":"https:\/\/grupotextil.es\/en\/wp-json\/wp\/v2\/product_brand?post=230796"},{"taxonomy":"product_cat","embeddable":true,"href":"https:\/\/grupotextil.es\/en\/wp-json\/wp\/v2\/product_cat?post=230796"},{"taxonomy":"product_tag","embeddable":true,"href":"https:\/\/grupotextil.es\/en\/wp-json\/wp\/v2\/product_tag?post=230796"}],"curies":[{"name":"wp","href":"https:\/\/api.w.org\/{rel}","templated":true}]}}