{"id":230833,"date":"2026-03-04T07:11:47","date_gmt":"2026-03-04T06:11:47","guid":{"rendered":"https:\/\/grupotextil.es\/producto\/scarsdale-polo-women\/"},"modified":"2026-04-19T04:07:02","modified_gmt":"2026-04-19T02:07:02","slug":"scarsdale-polo-women","status":"publish","type":"product","link":"https:\/\/grupotextil.es\/en\/product\/scarsdale-polo-women\/","title":{"rendered":"Scarsdale Polo Women"},"content":{"rendered":"<p>Polo confeccionado con una estructura especial de piqu\u00e9 para un look refinado pero informal. Confeccionado con algod\u00f3n org\u00e1nico ringspun (80%) y poli\u00e9ster reciclado certificado (20%). El cuello moderno y la tapeta abierta sin botones aportan un toque elegante y contempor\u00e1neo, mientras que las aberturas laterales mejoran la movilidad y la comodidad.<\/p>\n<p><strong>Composici\u00f3n:<\/strong> 80% algod\u00f3n org\u00e1nico, 20% poli\u00e9ster reciclado | <strong>Peso:<\/strong> 220 g\/m\u00b2 | <strong>Tallas:<\/strong> XS-XXL<\/p>","protected":false},"excerpt":{"rendered":"<p>Polo confeccionado con una estructura especial de piqu\u00e9 para un look refinado pero informal. Confeccionado con algod\u00f3n org\u00e1nico ringspun (80%) y poli\u00e9ster reciclado certificado (20%). El cuello moderno y la tapeta abierta sin botones aportan un toque<\/p>","protected":false},"featured_media":236765,"comment_status":"open","ping_status":"closed","template":"","meta":{"_acf_changed":false},"product_brand":[10521],"product_cat":[13974,13975,13973],"product_tag":[],"class_list":{"0":"post-230833","1":"product","2":"type-product","3":"status-publish","4":"has-post-thumbnail","6":"product_brand-james-harvest","7":"product_cat-ropa-hombre","8":"product_cat-ropa-mujer","9":"product_cat-ropa","10":"tm-no-options","12":"first","13":"instock","14":"taxable","15":"shipping-taxable","16":"product-type-variable"},"acf":[],"_links":{"self":[{"href":"https:\/\/grupotextil.es\/en\/wp-json\/wp\/v2\/product\/230833","targetHints":{"allow":["GET"]}}],"collection":[{"href":"https:\/\/grupotextil.es\/en\/wp-json\/wp\/v2\/product"}],"about":[{"href":"https:\/\/grupotextil.es\/en\/wp-json\/wp\/v2\/types\/product"}],"replies":[{"embeddable":true,"href":"https:\/\/grupotextil.es\/en\/wp-json\/wp\/v2\/comments?post=230833"}],"wp:featuredmedia":[{"embeddable":true,"href":"https:\/\/grupotextil.es\/en\/wp-json\/wp\/v2\/media\/236765"}],"wp:attachment":[{"href":"https:\/\/grupotextil.es\/en\/wp-json\/wp\/v2\/media?parent=230833"}],"wp:term":[{"taxonomy":"product_brand","embeddable":true,"href":"https:\/\/grupotextil.es\/en\/wp-json\/wp\/v2\/product_brand?post=230833"},{"taxonomy":"product_cat","embeddable":true,"href":"https:\/\/grupotextil.es\/en\/wp-json\/wp\/v2\/product_cat?post=230833"},{"taxonomy":"product_tag","embeddable":true,"href":"https:\/\/grupotextil.es\/en\/wp-json\/wp\/v2\/product_tag?post=230833"}],"curies":[{"name":"wp","href":"https:\/\/api.w.org\/{rel}","templated":true}]}}