{"id":230871,"date":"2026-03-04T07:12:11","date_gmt":"2026-03-04T06:12:11","guid":{"rendered":"https:\/\/grupotextil.es\/producto\/whailford-woman\/"},"modified":"2026-04-19T04:07:03","modified_gmt":"2026-04-19T02:07:03","slug":"whailford-woman","status":"publish","type":"product","link":"https:\/\/grupotextil.es\/en\/product\/whailford-woman\/","title":{"rendered":"Whailford Woman"},"content":{"rendered":"<p>Camiseta en cuello V para mujer. Tejido de punto de gata.<\/p>\n<p><strong>Composici\u00f3n:<\/strong> 100% algod\u00f3n org\u00e1nico (120 gris marengo 85% algod\u00f3n\/15% viscosa),160 g\/m\u00b2 | <strong>Peso:<\/strong> 160g\/m\u00b2 | <strong>Tallas:<\/strong> XS-XXL<\/p>","protected":false},"excerpt":{"rendered":"<p>Camiseta en cuello V para mujer. Tejido de punto de gata.<\/p>","protected":false},"featured_media":236771,"comment_status":"open","ping_status":"closed","template":"","meta":{"_acf_changed":false},"product_brand":[10521],"product_cat":[13974,13975,13973],"product_tag":[],"class_list":{"0":"post-230871","1":"product","2":"type-product","3":"status-publish","4":"has-post-thumbnail","6":"product_brand-james-harvest","7":"product_cat-ropa-hombre","8":"product_cat-ropa-mujer","9":"product_cat-ropa","10":"tm-no-options","12":"first","13":"instock","14":"taxable","15":"shipping-taxable","16":"product-type-variable"},"acf":[],"_links":{"self":[{"href":"https:\/\/grupotextil.es\/en\/wp-json\/wp\/v2\/product\/230871","targetHints":{"allow":["GET"]}}],"collection":[{"href":"https:\/\/grupotextil.es\/en\/wp-json\/wp\/v2\/product"}],"about":[{"href":"https:\/\/grupotextil.es\/en\/wp-json\/wp\/v2\/types\/product"}],"replies":[{"embeddable":true,"href":"https:\/\/grupotextil.es\/en\/wp-json\/wp\/v2\/comments?post=230871"}],"wp:featuredmedia":[{"embeddable":true,"href":"https:\/\/grupotextil.es\/en\/wp-json\/wp\/v2\/media\/236771"}],"wp:attachment":[{"href":"https:\/\/grupotextil.es\/en\/wp-json\/wp\/v2\/media?parent=230871"}],"wp:term":[{"taxonomy":"product_brand","embeddable":true,"href":"https:\/\/grupotextil.es\/en\/wp-json\/wp\/v2\/product_brand?post=230871"},{"taxonomy":"product_cat","embeddable":true,"href":"https:\/\/grupotextil.es\/en\/wp-json\/wp\/v2\/product_cat?post=230871"},{"taxonomy":"product_tag","embeddable":true,"href":"https:\/\/grupotextil.es\/en\/wp-json\/wp\/v2\/product_tag?post=230871"}],"curies":[{"name":"wp","href":"https:\/\/api.w.org\/{rel}","templated":true}]}}