{"id":230894,"date":"2026-03-04T07:12:25","date_gmt":"2026-03-04T06:12:25","guid":{"rendered":"https:\/\/grupotextil.es\/producto\/2515-pantalon-mujer\/"},"modified":"2026-04-19T04:07:03","modified_gmt":"2026-04-19T02:07:03","slug":"2515-pantalon-mujer","status":"publish","type":"product","link":"https:\/\/grupotextil.es\/en\/product\/2515-pantalon-mujer\/","title":{"rendered":"2515 PANTAL\u00d3N MUJER"},"content":{"rendered":"<p>Pantal\u00f3n de corte moderno con bolsillos laterales, el derecho con bolsillo interior de seguridad con cierre de cremallera. Bolsillos en las piernas, en el lado izquierdo un amplio bolsillo con solapa y un bolsillo interior para el m\u00f3vil. En el lado derecho bolsillos para bol\u00edgrafos, papel y cinta m\u00e9trica. Bolsillos traseros internos con cremallera. Trabilla m\u00e1s ancha en la espalda para evitar la presi\u00f3n del cintur\u00f3n. D-Ring en la parte delantera. Bolsillos internos de protecci\u00f3n de las rodillas.<\/p>\n<p><strong>Composici\u00f3n:<\/strong> 65% poli\u00e9ster, 35% algod\u00f3n. 245g\/m2 | <strong>Peso:<\/strong> 245 g\/m\u00b2 | <strong>Tallas:<\/strong> C34-C50<\/p>","protected":false},"excerpt":{"rendered":"<p>Pantal\u00f3n de corte moderno con bolsillos laterales, el derecho con bolsillo interior de seguridad con cierre de cremallera. Bolsillos en las piernas, en el lado izquierdo un amplio bolsillo con solapa y un bolsillo interior para el m\u00f3vil. En el lado d<\/p>","protected":false},"featured_media":236686,"comment_status":"open","ping_status":"closed","template":"","meta":{"_acf_changed":false},"product_brand":[10531],"product_cat":[13983],"product_tag":[],"class_list":{"0":"post-230894","1":"product","2":"type-product","3":"status-publish","4":"has-post-thumbnail","6":"product_brand-projob","7":"product_cat-h-pantalones","8":"tm-no-options","10":"first","11":"instock","12":"taxable","13":"shipping-taxable","14":"product-type-variable"},"acf":[],"_links":{"self":[{"href":"https:\/\/grupotextil.es\/en\/wp-json\/wp\/v2\/product\/230894","targetHints":{"allow":["GET"]}}],"collection":[{"href":"https:\/\/grupotextil.es\/en\/wp-json\/wp\/v2\/product"}],"about":[{"href":"https:\/\/grupotextil.es\/en\/wp-json\/wp\/v2\/types\/product"}],"replies":[{"embeddable":true,"href":"https:\/\/grupotextil.es\/en\/wp-json\/wp\/v2\/comments?post=230894"}],"wp:featuredmedia":[{"embeddable":true,"href":"https:\/\/grupotextil.es\/en\/wp-json\/wp\/v2\/media\/236686"}],"wp:attachment":[{"href":"https:\/\/grupotextil.es\/en\/wp-json\/wp\/v2\/media?parent=230894"}],"wp:term":[{"taxonomy":"product_brand","embeddable":true,"href":"https:\/\/grupotextil.es\/en\/wp-json\/wp\/v2\/product_brand?post=230894"},{"taxonomy":"product_cat","embeddable":true,"href":"https:\/\/grupotextil.es\/en\/wp-json\/wp\/v2\/product_cat?post=230894"},{"taxonomy":"product_tag","embeddable":true,"href":"https:\/\/grupotextil.es\/en\/wp-json\/wp\/v2\/product_tag?post=230894"}],"curies":[{"name":"wp","href":"https:\/\/api.w.org\/{rel}","templated":true}]}}