{"id":230982,"date":"2026-03-04T07:13:21","date_gmt":"2026-03-04T06:13:21","guid":{"rendered":"https:\/\/grupotextil.es\/producto\/3505-pantalon-termico-advanced\/"},"modified":"2026-04-26T04:05:54","modified_gmt":"2026-04-26T02:05:54","slug":"3505-pantalon-termico-advanced","status":"publish","type":"product","link":"https:\/\/grupotextil.es\/en\/product\/3505-pantalon-termico-advanced\/","title":{"rendered":"3505 PANTAL\u00d3N T\u00c9RMICO ADVANCED"},"content":{"rendered":"<p>Long John funcional. Tejido body-form ajustado al cuerpo. El\u00e1stico para un mejor movimiento. Garantiza la mejor temperatura para el m\u00e1ximo rendimiento.<\/p>\n<p><strong>Composici\u00f3n:<\/strong> 52% Poliamida, 42% Poli\u00e9ster, 6% Elastano | <strong>Peso:<\/strong> 220 g\/m\u00b2 | <strong>Tallas:<\/strong> XS-3XL<\/p>","protected":false},"excerpt":{"rendered":"<p>Long John funcional. Tejido body-form ajustado al cuerpo. El\u00e1stico para un mejor movimiento. Garantiza la mejor temperatura para el m\u00e1ximo rendimiento.<\/p>","protected":false},"featured_media":236787,"comment_status":"open","ping_status":"closed","template":"","meta":{"_acf_changed":false},"product_brand":[10531],"product_cat":[15147],"product_tag":[],"class_list":{"0":"post-230982","1":"product","2":"type-product","3":"status-publish","4":"has-post-thumbnail","6":"product_brand-projob","7":"product_cat-new-wave","8":"tm-no-options","10":"first","11":"instock","12":"taxable","13":"shipping-taxable","14":"product-type-variable"},"acf":[],"_links":{"self":[{"href":"https:\/\/grupotextil.es\/en\/wp-json\/wp\/v2\/product\/230982","targetHints":{"allow":["GET"]}}],"collection":[{"href":"https:\/\/grupotextil.es\/en\/wp-json\/wp\/v2\/product"}],"about":[{"href":"https:\/\/grupotextil.es\/en\/wp-json\/wp\/v2\/types\/product"}],"replies":[{"embeddable":true,"href":"https:\/\/grupotextil.es\/en\/wp-json\/wp\/v2\/comments?post=230982"}],"wp:featuredmedia":[{"embeddable":true,"href":"https:\/\/grupotextil.es\/en\/wp-json\/wp\/v2\/media\/236787"}],"wp:attachment":[{"href":"https:\/\/grupotextil.es\/en\/wp-json\/wp\/v2\/media?parent=230982"}],"wp:term":[{"taxonomy":"product_brand","embeddable":true,"href":"https:\/\/grupotextil.es\/en\/wp-json\/wp\/v2\/product_brand?post=230982"},{"taxonomy":"product_cat","embeddable":true,"href":"https:\/\/grupotextil.es\/en\/wp-json\/wp\/v2\/product_cat?post=230982"},{"taxonomy":"product_tag","embeddable":true,"href":"https:\/\/grupotextil.es\/en\/wp-json\/wp\/v2\/product_tag?post=230982"}],"curies":[{"name":"wp","href":"https:\/\/api.w.org\/{rel}","templated":true}]}}