{"id":231024,"date":"2026-03-04T07:13:49","date_gmt":"2026-03-04T06:13:49","guid":{"rendered":"https:\/\/grupotextil.es\/producto\/txlite-tri-blend-polo-men\/"},"modified":"2026-04-19T04:07:03","modified_gmt":"2026-04-19T02:07:03","slug":"txlite-tri-blend-polo-men","status":"publish","type":"product","link":"https:\/\/grupotextil.es\/en\/product\/txlite-tri-blend-polo-men\/","title":{"rendered":"TXlite Tri-Blend Polo Men"},"content":{"rendered":"<p>The TXlite Tri-Blend Polo is a quick-drying cotton-feel polo shirt for men featuring a classic collar in a three-button look, made from organic cotton, recycled polyester, and spandex. It has a discreet Tenson logo on the left arm and slits at the sides for increased mobility. You can never have too many polo shirts as they are such a versatile wardrobe staple; they&#8217;re as comfortable as a T-shirt but with a smarter look, to ensure you feel confident in every situation.<\/p>\n<p><strong>Composici\u00f3n:<\/strong> 55% Algod\u00f3n Org\u00e1nico; 42% Poli\u00e9ster Reciclado; 3% Spandex | <strong>Peso:<\/strong> 0.2 | <strong>Tallas:<\/strong> S-3XL<\/p>","protected":false},"excerpt":{"rendered":"<p>The TXlite Tri-Blend Polo is a quick-drying cotton-feel polo shirt for men featuring a classic collar in a three-button look, made from organic cotton, recycled polyester, and spandex. It has a discreet Tenson logo on the left arm and slits at the si<\/p>","protected":false},"featured_media":236793,"comment_status":"open","ping_status":"closed","template":"","meta":{"_acf_changed":false},"product_brand":[10627],"product_cat":[13979],"product_tag":[],"class_list":{"0":"post-231024","1":"product","2":"type-product","3":"status-publish","4":"has-post-thumbnail","6":"product_brand-tenson","7":"product_cat-h-polos","8":"tm-no-options","10":"first","11":"instock","12":"taxable","13":"shipping-taxable","14":"product-type-variable"},"acf":[],"_links":{"self":[{"href":"https:\/\/grupotextil.es\/en\/wp-json\/wp\/v2\/product\/231024","targetHints":{"allow":["GET"]}}],"collection":[{"href":"https:\/\/grupotextil.es\/en\/wp-json\/wp\/v2\/product"}],"about":[{"href":"https:\/\/grupotextil.es\/en\/wp-json\/wp\/v2\/types\/product"}],"replies":[{"embeddable":true,"href":"https:\/\/grupotextil.es\/en\/wp-json\/wp\/v2\/comments?post=231024"}],"wp:featuredmedia":[{"embeddable":true,"href":"https:\/\/grupotextil.es\/en\/wp-json\/wp\/v2\/media\/236793"}],"wp:attachment":[{"href":"https:\/\/grupotextil.es\/en\/wp-json\/wp\/v2\/media?parent=231024"}],"wp:term":[{"taxonomy":"product_brand","embeddable":true,"href":"https:\/\/grupotextil.es\/en\/wp-json\/wp\/v2\/product_brand?post=231024"},{"taxonomy":"product_cat","embeddable":true,"href":"https:\/\/grupotextil.es\/en\/wp-json\/wp\/v2\/product_cat?post=231024"},{"taxonomy":"product_tag","embeddable":true,"href":"https:\/\/grupotextil.es\/en\/wp-json\/wp\/v2\/product_tag?post=231024"}],"curies":[{"name":"wp","href":"https:\/\/api.w.org\/{rel}","templated":true}]}}