{"id":231030,"date":"2026-03-04T07:13:53","date_gmt":"2026-03-04T06:13:53","guid":{"rendered":"https:\/\/grupotextil.es\/producto\/3501-pantalon-termico\/"},"modified":"2026-04-19T04:07:03","modified_gmt":"2026-04-19T02:07:03","slug":"3501-pantalon-termico","status":"publish","type":"product","link":"https:\/\/grupotextil.es\/en\/product\/3501-pantalon-termico\/","title":{"rendered":"3501 PANTAL\u00d3N T\u00c9RMICO"},"content":{"rendered":"<p>Pantalones interiores que se adaptan a los movimientos del cuerpo. Muy ajustados para la mejor transpiraci\u00f3n posible. El\u00e1stico en la cintura y canal\u00e9 en los bajos.<\/p>\n<p><strong>Composici\u00f3n:<\/strong> 100% poli\u00e9ster, 135 g\/m2 | <strong>Peso:<\/strong> 135 g\/m\u00b2 | <strong>Tallas:<\/strong> XS-3XL<\/p>","protected":false},"excerpt":{"rendered":"<p>Pantalones interiores que se adaptan a los movimientos del cuerpo. Muy ajustados para la mejor transpiraci\u00f3n posible. El\u00e1stico en la cintura y canal\u00e9 en los bajos.<\/p>","protected":false},"featured_media":236794,"comment_status":"open","ping_status":"closed","template":"","meta":{"_acf_changed":false},"product_brand":[10531],"product_cat":[15147],"product_tag":[],"class_list":{"0":"post-231030","1":"product","2":"type-product","3":"status-publish","4":"has-post-thumbnail","6":"product_brand-projob","7":"product_cat-new-wave","8":"tm-no-options","10":"first","11":"instock","12":"taxable","13":"shipping-taxable","14":"product-type-variable"},"acf":[],"_links":{"self":[{"href":"https:\/\/grupotextil.es\/en\/wp-json\/wp\/v2\/product\/231030","targetHints":{"allow":["GET"]}}],"collection":[{"href":"https:\/\/grupotextil.es\/en\/wp-json\/wp\/v2\/product"}],"about":[{"href":"https:\/\/grupotextil.es\/en\/wp-json\/wp\/v2\/types\/product"}],"replies":[{"embeddable":true,"href":"https:\/\/grupotextil.es\/en\/wp-json\/wp\/v2\/comments?post=231030"}],"wp:featuredmedia":[{"embeddable":true,"href":"https:\/\/grupotextil.es\/en\/wp-json\/wp\/v2\/media\/236794"}],"wp:attachment":[{"href":"https:\/\/grupotextil.es\/en\/wp-json\/wp\/v2\/media?parent=231030"}],"wp:term":[{"taxonomy":"product_brand","embeddable":true,"href":"https:\/\/grupotextil.es\/en\/wp-json\/wp\/v2\/product_brand?post=231030"},{"taxonomy":"product_cat","embeddable":true,"href":"https:\/\/grupotextil.es\/en\/wp-json\/wp\/v2\/product_cat?post=231030"},{"taxonomy":"product_tag","embeddable":true,"href":"https:\/\/grupotextil.es\/en\/wp-json\/wp\/v2\/product_tag?post=231030"}],"curies":[{"name":"wp","href":"https:\/\/api.w.org\/{rel}","templated":true}]}}