{"id":231116,"date":"2026-03-04T07:14:41","date_gmt":"2026-03-04T06:14:41","guid":{"rendered":"https:\/\/grupotextil.es\/producto\/hopedale-hoodie\/"},"modified":"2026-04-19T04:07:04","modified_gmt":"2026-04-19T02:07:04","slug":"hopedale-hoodie","status":"publish","type":"product","link":"https:\/\/grupotextil.es\/en\/product\/hopedale-hoodie\/","title":{"rendered":"Hopedale Hoodie"},"content":{"rendered":"<p>Sudadera con capucha de corte holgado y bolsillo delantero tipo canguro. Afelpado en el interior. Canal\u00e9 ancho en mangas y dobladillo inferior. Cord\u00f3n de ajuste a tono. Viene en bolsa compostable. Certificado Oeko-Tex.<\/p>\n<p><strong>Composici\u00f3n:<\/strong> 85% Algod\u00f3n org\u00e1nico, 15% Poli\u00e9ster reciclado, 350 g\/m\u00b2 | <strong>Peso:<\/strong> 350 g\/m\u00b2 | <strong>Tallas:<\/strong> XS-4XL<\/p>","protected":false},"excerpt":{"rendered":"<p>Sudadera con capucha de corte holgado y bolsillo delantero tipo canguro. Afelpado en el interior. Canal\u00e9 ancho en mangas y dobladillo inferior. Cord\u00f3n de ajuste a tono. Viene en bolsa compostable. Certificado Oeko-Tex.<\/p>","protected":false},"featured_media":236809,"comment_status":"open","ping_status":"closed","template":"","meta":{"_acf_changed":false},"product_brand":[10521],"product_cat":[13974,13975,13973],"product_tag":[],"class_list":{"0":"post-231116","1":"product","2":"type-product","3":"status-publish","4":"has-post-thumbnail","6":"product_brand-james-harvest","7":"product_cat-ropa-hombre","8":"product_cat-ropa-mujer","9":"product_cat-ropa","10":"tm-no-options","12":"first","13":"instock","14":"taxable","15":"shipping-taxable","16":"product-type-variable"},"acf":[],"_links":{"self":[{"href":"https:\/\/grupotextil.es\/en\/wp-json\/wp\/v2\/product\/231116","targetHints":{"allow":["GET"]}}],"collection":[{"href":"https:\/\/grupotextil.es\/en\/wp-json\/wp\/v2\/product"}],"about":[{"href":"https:\/\/grupotextil.es\/en\/wp-json\/wp\/v2\/types\/product"}],"replies":[{"embeddable":true,"href":"https:\/\/grupotextil.es\/en\/wp-json\/wp\/v2\/comments?post=231116"}],"wp:featuredmedia":[{"embeddable":true,"href":"https:\/\/grupotextil.es\/en\/wp-json\/wp\/v2\/media\/236809"}],"wp:attachment":[{"href":"https:\/\/grupotextil.es\/en\/wp-json\/wp\/v2\/media?parent=231116"}],"wp:term":[{"taxonomy":"product_brand","embeddable":true,"href":"https:\/\/grupotextil.es\/en\/wp-json\/wp\/v2\/product_brand?post=231116"},{"taxonomy":"product_cat","embeddable":true,"href":"https:\/\/grupotextil.es\/en\/wp-json\/wp\/v2\/product_cat?post=231116"},{"taxonomy":"product_tag","embeddable":true,"href":"https:\/\/grupotextil.es\/en\/wp-json\/wp\/v2\/product_tag?post=231116"}],"curies":[{"name":"wp","href":"https:\/\/api.w.org\/{rel}","templated":true}]}}