{"id":231131,"date":"2026-03-04T07:14:51","date_gmt":"2026-03-04T06:14:51","guid":{"rendered":"https:\/\/grupotextil.es\/producto\/3425-chaqueta-impermeable\/"},"modified":"2026-04-19T04:07:04","modified_gmt":"2026-04-19T02:07:04","slug":"3425-chaqueta-impermeable","status":"publish","type":"product","link":"https:\/\/grupotextil.es\/en\/product\/3425-chaqueta-impermeable\/","title":{"rendered":"3425 CHAQUETA IMPERMEABLE"},"content":{"rendered":"<p>Chaqueta funcional tercera capa, en material resistente a viento y agua. Costuras selladas. Tejido Ventair, lo que significa una excelente transpirabilidad y una mayor comodidad. Cremallera waterproof frontal, con protecci\u00f3n contra el viento y contra rozaduras. Bolsillo en el pecho en el lado derecho con solapa interna para su tarjeta identificativa. parte trasera prolongada. Detalles reflectantes para incrementar visibilidad. Capucha ajustable con cord\u00f3n. Pu\u00f1os ajustables con Velcro y cintura con cord\u00f3n.<\/p>\n<p><strong>Composici\u00f3n:<\/strong> 100% poli\u00e9ster, 160 g\/m2 | <strong>Peso:<\/strong> 160 g\/m\u00b2 | <strong>Tallas:<\/strong> XS-4XL<\/p>","protected":false},"excerpt":{"rendered":"<p>Chaqueta funcional tercera capa, en material resistente a viento y agua. Costuras selladas. Tejido Ventair, lo que significa una excelente transpirabilidad y una mayor comodidad. Cremallera waterproof frontal, con protecci\u00f3n contra el viento y contra<\/p>","protected":false},"featured_media":236811,"comment_status":"open","ping_status":"closed","template":"","meta":{"_acf_changed":false},"product_brand":[10531],"product_cat":[13998],"product_tag":[],"class_list":{"0":"post-231131","1":"product","2":"type-product","3":"status-publish","4":"has-post-thumbnail","6":"product_brand-projob","7":"product_cat-n-chaquetas","8":"tm-no-options","10":"first","11":"instock","12":"taxable","13":"shipping-taxable","14":"product-type-variable"},"acf":[],"_links":{"self":[{"href":"https:\/\/grupotextil.es\/en\/wp-json\/wp\/v2\/product\/231131","targetHints":{"allow":["GET"]}}],"collection":[{"href":"https:\/\/grupotextil.es\/en\/wp-json\/wp\/v2\/product"}],"about":[{"href":"https:\/\/grupotextil.es\/en\/wp-json\/wp\/v2\/types\/product"}],"replies":[{"embeddable":true,"href":"https:\/\/grupotextil.es\/en\/wp-json\/wp\/v2\/comments?post=231131"}],"wp:featuredmedia":[{"embeddable":true,"href":"https:\/\/grupotextil.es\/en\/wp-json\/wp\/v2\/media\/236811"}],"wp:attachment":[{"href":"https:\/\/grupotextil.es\/en\/wp-json\/wp\/v2\/media?parent=231131"}],"wp:term":[{"taxonomy":"product_brand","embeddable":true,"href":"https:\/\/grupotextil.es\/en\/wp-json\/wp\/v2\/product_brand?post=231131"},{"taxonomy":"product_cat","embeddable":true,"href":"https:\/\/grupotextil.es\/en\/wp-json\/wp\/v2\/product_cat?post=231131"},{"taxonomy":"product_tag","embeddable":true,"href":"https:\/\/grupotextil.es\/en\/wp-json\/wp\/v2\/product_tag?post=231131"}],"curies":[{"name":"wp","href":"https:\/\/api.w.org\/{rel}","templated":true}]}}