{"id":231254,"date":"2026-03-04T07:16:07","date_gmt":"2026-03-04T06:16:07","guid":{"rendered":"https:\/\/grupotextil.es\/producto\/rb123-royal-twill-woman-contemporary\/"},"modified":"2026-04-19T04:07:05","modified_gmt":"2026-04-19T02:07:05","slug":"rb123-royal-twill-woman-contemporary","status":"publish","type":"product","link":"https:\/\/grupotextil.es\/en\/product\/rb123-royal-twill-woman-contemporary\/","title":{"rendered":"RB123 Royal Twill Woman Contemporary"},"content":{"rendered":"<p>Esta camisa Non-Iron est\u00e1 confeccionada en sarga real de alto rendimiento. La elegante textura de sarga combinada con los sutiles detalles y el moderno y suave cuello con bot\u00f3n oculto la convierten en una camisa de negocios cl\u00e1sica con un toque moderno.<\/p>\n<p><strong>Composici\u00f3n:<\/strong> 100% Algod\u00f3n. Canes\u00fa dividido. Costuras principales selladas. Manga larga. Pu\u00f1o de \u00e1ngel sencillo, con ojal adicional para gemelos. Botones de 4 mm de grosor. | <strong>Peso:<\/strong> 124 g\/m\u00b2 | <strong>Tallas:<\/strong> XS-4XL<\/p>","protected":false},"excerpt":{"rendered":"<p>Esta camisa Non-Iron est\u00e1 confeccionada en sarga real de alto rendimiento. La elegante textura de sarga combinada con los sutiles detalles y el moderno y suave cuello con bot\u00f3n oculto la convierten en una camisa de negocios cl\u00e1sica con un toque moder<\/p>","protected":false},"featured_media":236834,"comment_status":"open","ping_status":"closed","template":"","meta":{"_acf_changed":false},"product_brand":[10563],"product_cat":[13995],"product_tag":[],"class_list":{"0":"post-231254","1":"product","2":"type-product","3":"status-publish","4":"has-post-thumbnail","6":"product_brand-j-harvest-frost","7":"product_cat-n-camisetas","8":"tm-no-options","10":"first","11":"instock","12":"taxable","13":"shipping-taxable","14":"product-type-variable"},"acf":[],"_links":{"self":[{"href":"https:\/\/grupotextil.es\/en\/wp-json\/wp\/v2\/product\/231254","targetHints":{"allow":["GET"]}}],"collection":[{"href":"https:\/\/grupotextil.es\/en\/wp-json\/wp\/v2\/product"}],"about":[{"href":"https:\/\/grupotextil.es\/en\/wp-json\/wp\/v2\/types\/product"}],"replies":[{"embeddable":true,"href":"https:\/\/grupotextil.es\/en\/wp-json\/wp\/v2\/comments?post=231254"}],"wp:featuredmedia":[{"embeddable":true,"href":"https:\/\/grupotextil.es\/en\/wp-json\/wp\/v2\/media\/236834"}],"wp:attachment":[{"href":"https:\/\/grupotextil.es\/en\/wp-json\/wp\/v2\/media?parent=231254"}],"wp:term":[{"taxonomy":"product_brand","embeddable":true,"href":"https:\/\/grupotextil.es\/en\/wp-json\/wp\/v2\/product_brand?post=231254"},{"taxonomy":"product_cat","embeddable":true,"href":"https:\/\/grupotextil.es\/en\/wp-json\/wp\/v2\/product_cat?post=231254"},{"taxonomy":"product_tag","embeddable":true,"href":"https:\/\/grupotextil.es\/en\/wp-json\/wp\/v2\/product_tag?post=231254"}],"curies":[{"name":"wp","href":"https:\/\/api.w.org\/{rel}","templated":true}]}}