{"id":231279,"date":"2026-03-04T07:16:25","date_gmt":"2026-03-04T06:16:25","guid":{"rendered":"https:\/\/grupotextil.es\/producto\/6110-sudadera-capucha-hv-clase-3-2\/"},"modified":"2026-04-19T04:07:05","modified_gmt":"2026-04-19T02:07:05","slug":"6110-sudadera-capucha-hv-clase-3-2","status":"publish","type":"product","link":"https:\/\/grupotextil.es\/en\/product\/6110-sudadera-capucha-hv-clase-3-2\/","title":{"rendered":"6110 SUDADERA CAPUCHA HV CLASE 3\/2"},"content":{"rendered":"<p>Chaqueta con capucha de cremallera entera. Refuerzos en material softshell sobre hombros y en la parte baja de la espalda e interior de la capucha para mayor durabilidad. Bolsillos laterales amplios con cremallera, tambi\u00e9n hay unos bolsillos amplios de mallaa en el interior. Pu\u00f1o adicional en los extremos de las mangas en material softshell con agarre para el pulgar. Capucha ajustable con cord\u00f3n. Segmentos reflectantes a 3M, tambi\u00e9n en los hombros.<\/p>\n<p><strong>Composici\u00f3n:<\/strong> Tejido 1: 100% poli\u00e9ster. Tejido 2: 90% nylon, 10% spandex | <strong>Peso:<\/strong> 280 g\/m\u00b2 | <strong>Tallas:<\/strong> XS-4XL<\/p>","protected":false},"excerpt":{"rendered":"<p>Chaqueta con capucha de cremallera entera. Refuerzos en material softshell sobre hombros y en la parte baja de la espalda e interior de la capucha para mayor durabilidad. Bolsillos laterales amplios con cremallera, tambi\u00e9n hay unos bolsillos amplios<\/p>","protected":false},"featured_media":236838,"comment_status":"open","ping_status":"closed","template":"","meta":{"_acf_changed":false},"product_brand":[10531],"product_cat":[13981,13990,13974,13932,13930,13975,13935,13973],"product_tag":[],"class_list":{"0":"post-231279","1":"product","2":"type-product","3":"status-publish","4":"has-post-thumbnail","6":"product_brand-projob","7":"product_cat-h-chaquetas-y-abrigos","8":"product_cat-m-chaquetas-y-abrigos","9":"product_cat-ropa-hombre","10":"product_cat-hosteleria-horeca","11":"product_cat-laboral","12":"product_cat-ropa-mujer","13":"product_cat-pantalones-cocina","14":"product_cat-ropa","15":"tm-no-options","17":"first","18":"instock","19":"taxable","20":"shipping-taxable","21":"product-type-variable"},"acf":[],"_links":{"self":[{"href":"https:\/\/grupotextil.es\/en\/wp-json\/wp\/v2\/product\/231279","targetHints":{"allow":["GET"]}}],"collection":[{"href":"https:\/\/grupotextil.es\/en\/wp-json\/wp\/v2\/product"}],"about":[{"href":"https:\/\/grupotextil.es\/en\/wp-json\/wp\/v2\/types\/product"}],"replies":[{"embeddable":true,"href":"https:\/\/grupotextil.es\/en\/wp-json\/wp\/v2\/comments?post=231279"}],"wp:featuredmedia":[{"embeddable":true,"href":"https:\/\/grupotextil.es\/en\/wp-json\/wp\/v2\/media\/236838"}],"wp:attachment":[{"href":"https:\/\/grupotextil.es\/en\/wp-json\/wp\/v2\/media?parent=231279"}],"wp:term":[{"taxonomy":"product_brand","embeddable":true,"href":"https:\/\/grupotextil.es\/en\/wp-json\/wp\/v2\/product_brand?post=231279"},{"taxonomy":"product_cat","embeddable":true,"href":"https:\/\/grupotextil.es\/en\/wp-json\/wp\/v2\/product_cat?post=231279"},{"taxonomy":"product_tag","embeddable":true,"href":"https:\/\/grupotextil.es\/en\/wp-json\/wp\/v2\/product_tag?post=231279"}],"curies":[{"name":"wp","href":"https:\/\/api.w.org\/{rel}","templated":true}]}}