{"id":231303,"date":"2026-03-04T07:16:41","date_gmt":"2026-03-04T06:16:41","guid":{"rendered":"https:\/\/grupotextil.es\/producto\/4424-chaqueta-funcional-3-en-1\/"},"modified":"2026-04-19T04:07:05","modified_gmt":"2026-04-19T02:07:05","slug":"4424-chaqueta-funcional-3-en-1","status":"publish","type":"product","link":"https:\/\/grupotextil.es\/en\/product\/4424-chaqueta-funcional-3-en-1\/","title":{"rendered":"4424 CHAQUETA FUNCIONAL 3 EN 1"},"content":{"rendered":"<p>Chaqueta cortaviento e impermeable con chaqueta interior desmontable. La chaqueta principal tiene costuras selladas, cremallera bidireccional en la parte delantera con solapa cortaviento externa para evitar las corrientes de aire y las filtraciones de agua, y cierre con botones autom\u00e1ticos. Bolsillos verticales en el pecho con cremalleras impermeables, el izquierdo con presilla para tarjeta de identificaci\u00f3n. Amplios bolsillos laterales. Capucha desmontable, ajustable en dos sentidos con cord\u00f3n. Dobladillo de la chaqueta ajustable con cord\u00f3n. Pu\u00f1os ajustables con velcro, tambi\u00e9n pu\u00f1os interiores adicionales con agarre para el pulgar.<\/p>\n<p><strong>Composici\u00f3n:<\/strong> 100% Poli\u00e9ster | <strong>Tallas:<\/strong> XS-5XL<\/p>","protected":false},"excerpt":{"rendered":"<p>Chaqueta cortaviento e impermeable con chaqueta interior desmontable. La chaqueta principal tiene costuras selladas, cremallera bidireccional en la parte delantera con solapa cortaviento externa para evitar las corrientes de aire y las filtraciones d<\/p>","protected":false},"featured_media":236843,"comment_status":"open","ping_status":"closed","template":"","meta":{"_acf_changed":false},"product_brand":[10531],"product_cat":[13998],"product_tag":[],"class_list":{"0":"post-231303","1":"product","2":"type-product","3":"status-publish","4":"has-post-thumbnail","6":"product_brand-projob","7":"product_cat-n-chaquetas","8":"tm-no-options","10":"first","11":"instock","12":"taxable","13":"shipping-taxable","14":"product-type-variable"},"acf":[],"_links":{"self":[{"href":"https:\/\/grupotextil.es\/en\/wp-json\/wp\/v2\/product\/231303","targetHints":{"allow":["GET"]}}],"collection":[{"href":"https:\/\/grupotextil.es\/en\/wp-json\/wp\/v2\/product"}],"about":[{"href":"https:\/\/grupotextil.es\/en\/wp-json\/wp\/v2\/types\/product"}],"replies":[{"embeddable":true,"href":"https:\/\/grupotextil.es\/en\/wp-json\/wp\/v2\/comments?post=231303"}],"wp:featuredmedia":[{"embeddable":true,"href":"https:\/\/grupotextil.es\/en\/wp-json\/wp\/v2\/media\/236843"}],"wp:attachment":[{"href":"https:\/\/grupotextil.es\/en\/wp-json\/wp\/v2\/media?parent=231303"}],"wp:term":[{"taxonomy":"product_brand","embeddable":true,"href":"https:\/\/grupotextil.es\/en\/wp-json\/wp\/v2\/product_brand?post=231303"},{"taxonomy":"product_cat","embeddable":true,"href":"https:\/\/grupotextil.es\/en\/wp-json\/wp\/v2\/product_cat?post=231303"},{"taxonomy":"product_tag","embeddable":true,"href":"https:\/\/grupotextil.es\/en\/wp-json\/wp\/v2\/product_tag?post=231303"}],"curies":[{"name":"wp","href":"https:\/\/api.w.org\/{rel}","templated":true}]}}