{"id":231315,"date":"2026-03-04T07:16:49","date_gmt":"2026-03-04T06:16:49","guid":{"rendered":"https:\/\/grupotextil.es\/producto\/7006-pique-mujer7006-pique-mujer-9910-vis\/"},"modified":"2026-04-19T04:07:05","modified_gmt":"2026-04-19T02:07:05","slug":"7006-pique-mujer7006-pique-mujer-9910-vis","status":"publish","type":"product","link":"https:\/\/grupotextil.es\/en\/product\/7006-pique-mujer7006-pique-mujer-9910-vis\/","title":{"rendered":"7006 PIQUE MUJER\n7006 PIQUE MUJER 9910-VIS"},"content":{"rendered":"<p>Piqu\u00e9 con tres botones en la parte delantera. Cinta de contraste en cuello para mayor retenci\u00f3n y estabilidad. Bolsillo para chip de lavander\u00eda en la costura lateral izquierda interior.<\/p>\n<p>Probada para lavado industrial seg\u00fan ISO 15797<\/p>\n<p>Mayor visibilidad EN 17353<\/p>\n<p>Certificado Oeko-Tex 100<\/p>\n<p>Se suministra en una bolsa compostable de base biol\u00f3gica<\/p>\n<p><strong>Composici\u00f3n:<\/strong> 60% algod\u00f3n org\u00e1nico, 40% poli\u00e9ster reciclado &#8211; 200 g\/m2 | <strong>Peso:<\/strong> 200 g\/m\u00b2 | <strong>Tallas:<\/strong> XS-3XL<\/p>","protected":false},"excerpt":{"rendered":"<p>Piqu\u00e9 con tres botones en la parte delantera. Cinta de contraste en cuello para mayor retenci\u00f3n y estabilidad. Bolsillo para chip de lavander\u00eda en la costura lateral izquierda interior.<\/p>","protected":false},"featured_media":236846,"comment_status":"open","ping_status":"closed","template":"","meta":{"_acf_changed":false},"product_brand":[10531],"product_cat":[13979],"product_tag":[],"class_list":{"0":"post-231315","1":"product","2":"type-product","3":"status-publish","4":"has-post-thumbnail","6":"product_brand-projob","7":"product_cat-h-polos","8":"tm-no-options","10":"first","11":"instock","12":"taxable","13":"shipping-taxable","14":"product-type-variable"},"acf":[],"_links":{"self":[{"href":"https:\/\/grupotextil.es\/en\/wp-json\/wp\/v2\/product\/231315","targetHints":{"allow":["GET"]}}],"collection":[{"href":"https:\/\/grupotextil.es\/en\/wp-json\/wp\/v2\/product"}],"about":[{"href":"https:\/\/grupotextil.es\/en\/wp-json\/wp\/v2\/types\/product"}],"replies":[{"embeddable":true,"href":"https:\/\/grupotextil.es\/en\/wp-json\/wp\/v2\/comments?post=231315"}],"wp:featuredmedia":[{"embeddable":true,"href":"https:\/\/grupotextil.es\/en\/wp-json\/wp\/v2\/media\/236846"}],"wp:attachment":[{"href":"https:\/\/grupotextil.es\/en\/wp-json\/wp\/v2\/media?parent=231315"}],"wp:term":[{"taxonomy":"product_brand","embeddable":true,"href":"https:\/\/grupotextil.es\/en\/wp-json\/wp\/v2\/product_brand?post=231315"},{"taxonomy":"product_cat","embeddable":true,"href":"https:\/\/grupotextil.es\/en\/wp-json\/wp\/v2\/product_cat?post=231315"},{"taxonomy":"product_tag","embeddable":true,"href":"https:\/\/grupotextil.es\/en\/wp-json\/wp\/v2\/product_tag?post=231315"}],"curies":[{"name":"wp","href":"https:\/\/api.w.org\/{rel}","templated":true}]}}