{"id":231333,"date":"2026-03-04T07:17:00","date_gmt":"2026-03-04T06:17:00","guid":{"rendered":"https:\/\/grupotextil.es\/producto\/patch-pocket-overshirt-unisex\/"},"modified":"2026-04-26T04:05:57","modified_gmt":"2026-04-26T02:05:57","slug":"patch-pocket-overshirt-unisex","status":"publish","type":"product","link":"https:\/\/grupotextil.es\/en\/product\/patch-pocket-overshirt-unisex\/","title":{"rendered":"Patch Pocket Overshirt Unisex"},"content":{"rendered":"<p>Si crees que una americana es demasiado elegante para la ocasi\u00f3n, la Patch Pocket Overshirt es la prenda perfecta para llevar sobre una camisa o camiseta. Sigue siendo elegante, pero no tan formal como una americana. Est\u00e1 confeccionada en un moderno tejido el\u00e1stico, elaborado en parte con materiales reciclados. Tres bolsillos frontales y un bolsillo interior. Unisex.<\/p>\n<p><strong>Composici\u00f3n:<\/strong> 52% Algod\u00f3n 44% Poli\u00e9ster reciclado 4% Elast\u00e1n | <strong>Peso:<\/strong> 236 g\/m\u00b2 | <strong>Tallas:<\/strong> XXS-4XL<\/p>","protected":false},"excerpt":{"rendered":"<p>Si crees que una americana es demasiado elegante para la ocasi\u00f3n, la Patch Pocket Overshirt es la prenda perfecta para llevar sobre una camisa o camiseta. Sigue siendo elegante, pero no tan formal como una americana. Est\u00e1 confeccionada en un moderno<\/p>","protected":false},"featured_media":236849,"comment_status":"open","ping_status":"closed","template":"","meta":{"_acf_changed":false},"product_brand":[10563],"product_cat":[15147],"product_tag":[],"class_list":{"0":"post-231333","1":"product","2":"type-product","3":"status-publish","4":"has-post-thumbnail","6":"product_brand-j-harvest-frost","7":"product_cat-new-wave","8":"tm-no-options","10":"first","11":"instock","12":"taxable","13":"shipping-taxable","14":"product-type-variable"},"acf":[],"_links":{"self":[{"href":"https:\/\/grupotextil.es\/en\/wp-json\/wp\/v2\/product\/231333","targetHints":{"allow":["GET"]}}],"collection":[{"href":"https:\/\/grupotextil.es\/en\/wp-json\/wp\/v2\/product"}],"about":[{"href":"https:\/\/grupotextil.es\/en\/wp-json\/wp\/v2\/types\/product"}],"replies":[{"embeddable":true,"href":"https:\/\/grupotextil.es\/en\/wp-json\/wp\/v2\/comments?post=231333"}],"wp:featuredmedia":[{"embeddable":true,"href":"https:\/\/grupotextil.es\/en\/wp-json\/wp\/v2\/media\/236849"}],"wp:attachment":[{"href":"https:\/\/grupotextil.es\/en\/wp-json\/wp\/v2\/media?parent=231333"}],"wp:term":[{"taxonomy":"product_brand","embeddable":true,"href":"https:\/\/grupotextil.es\/en\/wp-json\/wp\/v2\/product_brand?post=231333"},{"taxonomy":"product_cat","embeddable":true,"href":"https:\/\/grupotextil.es\/en\/wp-json\/wp\/v2\/product_cat?post=231333"},{"taxonomy":"product_tag","embeddable":true,"href":"https:\/\/grupotextil.es\/en\/wp-json\/wp\/v2\/product_tag?post=231333"}],"curies":[{"name":"wp","href":"https:\/\/api.w.org\/{rel}","templated":true}]}}