{"id":231354,"date":"2026-03-04T07:17:15","date_gmt":"2026-03-04T06:17:15","guid":{"rendered":"https:\/\/grupotextil.es\/producto\/pro-explore-hiking-pants-w\/"},"modified":"2026-04-26T04:05:57","modified_gmt":"2026-04-26T02:05:57","slug":"pro-explore-hiking-pants-w","status":"publish","type":"product","link":"https:\/\/grupotextil.es\/en\/product\/pro-explore-hiking-pants-w\/","title":{"rendered":"PRO Explore Hiking Pants W"},"content":{"rendered":"<p>PRO Explore Hiking Pant es el pantal\u00f3n el\u00e1stico y duradero perfecto para excursiones en\u00e9rgicas como para aventuras de senderismo.<\/p>\n<p>Estos pantalones t\u00e9cnicos est\u00e1n confeccionados con un resistente tejido el\u00e1stico bidireccional y cuentan con paneles el\u00e1sticos cuatridireccionales en las rodillas, la cintura y la zona de asiento para disfrutar de una libertad de movimiento y comodidad \u00f3ptimas. Los pantalones tambi\u00e9n cuentan con trabillas para el cintur\u00f3n, bolsillos con cremallera en los muslos, un bolsillo trasero con cremallera y dos bolsillos laterales.<\/p>\n<p>\u2022 Tejido el\u00e1stico bidireccional y resistente<\/p>\n<p>\u2022 Paneles el\u00e1sticos cuatridireccionales y resistentes en rodillas, cintura y asiento<\/p>\n<p>\u2022 Cierres de las piernas ajustables<\/p>\n<p>\u2022 Bolsillos con cremallera en los muslos<\/p>\n<p>\u2022 Bolsillo trasero con cremallera<\/p>\n<p>\u2022 Dos bolsillos laterales<\/p>\n<p>\u2022 Trabillas para cintur\u00f3n<\/p>\n<p>\u2022 Regular fit<\/p>\n<p><strong>Composici\u00f3n:<\/strong> Tejido principal: 45% poliamida reciclada 50% poliamida 5% elastano Inserci\u00f3n: 46% poliamida reciclada 44% poliamida 10% elastano | <strong>Tallas:<\/strong> XS-XXL<\/p>","protected":false},"excerpt":{"rendered":"<p>PRO Explore Hiking Pant es el pantal\u00f3n el\u00e1stico y duradero perfecto para excursiones en\u00e9rgicas como para aventuras de senderismo.<\/p>","protected":false},"featured_media":236854,"comment_status":"open","ping_status":"closed","template":"","meta":{"_acf_changed":false},"product_brand":[10489],"product_cat":[13983],"product_tag":[],"class_list":{"0":"post-231354","1":"product","2":"type-product","3":"status-publish","4":"has-post-thumbnail","6":"product_brand-craft","7":"product_cat-h-pantalones","8":"tm-no-options","10":"first","11":"instock","12":"taxable","13":"shipping-taxable","14":"product-type-variable"},"acf":[],"_links":{"self":[{"href":"https:\/\/grupotextil.es\/en\/wp-json\/wp\/v2\/product\/231354","targetHints":{"allow":["GET"]}}],"collection":[{"href":"https:\/\/grupotextil.es\/en\/wp-json\/wp\/v2\/product"}],"about":[{"href":"https:\/\/grupotextil.es\/en\/wp-json\/wp\/v2\/types\/product"}],"replies":[{"embeddable":true,"href":"https:\/\/grupotextil.es\/en\/wp-json\/wp\/v2\/comments?post=231354"}],"wp:featuredmedia":[{"embeddable":true,"href":"https:\/\/grupotextil.es\/en\/wp-json\/wp\/v2\/media\/236854"}],"wp:attachment":[{"href":"https:\/\/grupotextil.es\/en\/wp-json\/wp\/v2\/media?parent=231354"}],"wp:term":[{"taxonomy":"product_brand","embeddable":true,"href":"https:\/\/grupotextil.es\/en\/wp-json\/wp\/v2\/product_brand?post=231354"},{"taxonomy":"product_cat","embeddable":true,"href":"https:\/\/grupotextil.es\/en\/wp-json\/wp\/v2\/product_cat?post=231354"},{"taxonomy":"product_tag","embeddable":true,"href":"https:\/\/grupotextil.es\/en\/wp-json\/wp\/v2\/product_tag?post=231354"}],"curies":[{"name":"wp","href":"https:\/\/api.w.org\/{rel}","templated":true}]}}