{"id":231365,"date":"2026-03-04T07:17:22","date_gmt":"2026-03-04T06:17:22","guid":{"rendered":"https:\/\/grupotextil.es\/producto\/american-supreme-polo-l-s\/"},"modified":"2026-04-19T04:07:06","modified_gmt":"2026-04-19T02:07:06","slug":"american-supreme-polo-l-s","status":"publish","type":"product","link":"https:\/\/grupotextil.es\/en\/product\/american-supreme-polo-l-s\/","title":{"rendered":"American Supreme Polo L\/S"},"content":{"rendered":"<p>Confeccionado con el mismo tejido el\u00e1stico de punto jersey que nuestra versi\u00f3n de manga corta. El polo tiene un cuello abotonado oculto y las mangas est\u00e1n rematadas con un pu\u00f1o y una abertura para un look m\u00e1s elegante. Al igual que nuestra versi\u00f3n de manga corta, el polo de manga larga tambi\u00e9n tiene paneles laterales y un canes\u00fa trasero. Adem\u00e1s, cuenta con botones tono sobre tono con el logotipo de Harvest grabado.<\/p>\n<p><strong>Composici\u00f3n:<\/strong> 95% Algod\u00f3n Org\u00e1nico, 5% elastano | <strong>Peso:<\/strong> 220 g\/m\u00b2 | <strong>Tallas:<\/strong> S-4XL<\/p>","protected":false},"excerpt":{"rendered":"<p>Confeccionado con el mismo tejido el\u00e1stico de punto jersey que nuestra versi\u00f3n de manga corta. El polo tiene un cuello abotonado oculto y las mangas est\u00e1n rematadas con un pu\u00f1o y una abertura para un look m\u00e1s elegante. Al igual que nuestra versi\u00f3n de<\/p>","protected":false},"featured_media":236856,"comment_status":"open","ping_status":"closed","template":"","meta":{"_acf_changed":false},"product_brand":[10521],"product_cat":[13974,13975,13973],"product_tag":[],"class_list":{"0":"post-231365","1":"product","2":"type-product","3":"status-publish","4":"has-post-thumbnail","6":"product_brand-james-harvest","7":"product_cat-ropa-hombre","8":"product_cat-ropa-mujer","9":"product_cat-ropa","10":"tm-no-options","12":"first","13":"instock","14":"taxable","15":"shipping-taxable","16":"product-type-variable"},"acf":[],"_links":{"self":[{"href":"https:\/\/grupotextil.es\/en\/wp-json\/wp\/v2\/product\/231365","targetHints":{"allow":["GET"]}}],"collection":[{"href":"https:\/\/grupotextil.es\/en\/wp-json\/wp\/v2\/product"}],"about":[{"href":"https:\/\/grupotextil.es\/en\/wp-json\/wp\/v2\/types\/product"}],"replies":[{"embeddable":true,"href":"https:\/\/grupotextil.es\/en\/wp-json\/wp\/v2\/comments?post=231365"}],"wp:featuredmedia":[{"embeddable":true,"href":"https:\/\/grupotextil.es\/en\/wp-json\/wp\/v2\/media\/236856"}],"wp:attachment":[{"href":"https:\/\/grupotextil.es\/en\/wp-json\/wp\/v2\/media?parent=231365"}],"wp:term":[{"taxonomy":"product_brand","embeddable":true,"href":"https:\/\/grupotextil.es\/en\/wp-json\/wp\/v2\/product_brand?post=231365"},{"taxonomy":"product_cat","embeddable":true,"href":"https:\/\/grupotextil.es\/en\/wp-json\/wp\/v2\/product_cat?post=231365"},{"taxonomy":"product_tag","embeddable":true,"href":"https:\/\/grupotextil.es\/en\/wp-json\/wp\/v2\/product_tag?post=231365"}],"curies":[{"name":"wp","href":"https:\/\/api.w.org\/{rel}","templated":true}]}}