{"id":231391,"date":"2026-03-04T07:17:38","date_gmt":"2026-03-04T06:17:38","guid":{"rendered":"https:\/\/grupotextil.es\/producto\/collective-7-8-tights-w\/"},"modified":"2026-04-19T04:07:06","modified_gmt":"2026-04-19T02:07:06","slug":"collective-7-8-tights-w","status":"publish","type":"product","link":"https:\/\/grupotextil.es\/en\/product\/collective-7-8-tights-w\/","title":{"rendered":"Collective 7\/8 Tights W"},"content":{"rendered":"<p>Las Collective 7\/8 son unas mallas de entrenamiento excepcionalmente suaves y el\u00e1sticas con un dise\u00f1o atemporal que se adapta sin esfuerzo de las sesiones de entrenamiento a la vida cotidiana, lo que garantiza tu comodidad y elegancia durante todo el d\u00eda.<\/p>\n<p>Dise\u00f1adas para ofrecer la m\u00e1xima comodidad, esta vers\u00e1til prenda de entrenamiento est\u00e1 confeccionada con una mezcla de poli\u00e9ster el\u00e1stico con una superficie aterciopelada, que ofrece una sensaci\u00f3n lujosamente suave, un excelente control de la temperatura corporal y una gran capacidad de contracci\u00f3n. Las mallas tambi\u00e9n presentan una pierna de 7\/8 de largo y cintura alta para mayor comodidad. Una manifestaci\u00f3n de maestr\u00eda artesanal en cada detalle.<\/p>\n<p>\u2022 Tejido muy ligero y el\u00e1stico confeccionado con poli\u00e9ster reciclado y elastano<\/p>\n<p>\u2022 Superficie aterciopelada<\/p>\n<p>\u2022 Cintura alta<\/p>\n<p>\u2022 Longitud de la pierna: 7\/8<\/p>\n<p><strong>Composici\u00f3n:<\/strong> 77% Polyester Recycled, 23% Elastane | <strong>Tallas:<\/strong> XS-XXL<\/p>","protected":false},"excerpt":{"rendered":"<p>Las Collective 7\/8 son unas mallas de entrenamiento excepcionalmente suaves y el\u00e1sticas con un dise\u00f1o atemporal que se adapta sin esfuerzo de las sesiones de entrenamiento a la vida cotidiana, lo que garantiza tu comodidad y elegancia durante todo el<\/p>","protected":false},"featured_media":236861,"comment_status":"open","ping_status":"closed","template":"","meta":{"_acf_changed":false},"product_brand":[10489],"product_cat":[15147],"product_tag":[],"class_list":{"0":"post-231391","1":"product","2":"type-product","3":"status-publish","4":"has-post-thumbnail","6":"product_brand-craft","7":"product_cat-new-wave","8":"tm-no-options","10":"first","11":"instock","12":"taxable","13":"shipping-taxable","14":"product-type-variable"},"acf":[],"_links":{"self":[{"href":"https:\/\/grupotextil.es\/en\/wp-json\/wp\/v2\/product\/231391","targetHints":{"allow":["GET"]}}],"collection":[{"href":"https:\/\/grupotextil.es\/en\/wp-json\/wp\/v2\/product"}],"about":[{"href":"https:\/\/grupotextil.es\/en\/wp-json\/wp\/v2\/types\/product"}],"replies":[{"embeddable":true,"href":"https:\/\/grupotextil.es\/en\/wp-json\/wp\/v2\/comments?post=231391"}],"wp:featuredmedia":[{"embeddable":true,"href":"https:\/\/grupotextil.es\/en\/wp-json\/wp\/v2\/media\/236861"}],"wp:attachment":[{"href":"https:\/\/grupotextil.es\/en\/wp-json\/wp\/v2\/media?parent=231391"}],"wp:term":[{"taxonomy":"product_brand","embeddable":true,"href":"https:\/\/grupotextil.es\/en\/wp-json\/wp\/v2\/product_brand?post=231391"},{"taxonomy":"product_cat","embeddable":true,"href":"https:\/\/grupotextil.es\/en\/wp-json\/wp\/v2\/product_cat?post=231391"},{"taxonomy":"product_tag","embeddable":true,"href":"https:\/\/grupotextil.es\/en\/wp-json\/wp\/v2\/product_tag?post=231391"}],"curies":[{"name":"wp","href":"https:\/\/api.w.org\/{rel}","templated":true}]}}