{"id":231403,"date":"2026-03-04T07:17:47","date_gmt":"2026-03-04T06:17:47","guid":{"rendered":"https:\/\/grupotextil.es\/producto\/yb50-twill-pocket-slim\/"},"modified":"2026-04-19T04:07:06","modified_gmt":"2026-04-19T02:07:06","slug":"yb50-twill-pocket-slim","status":"publish","type":"product","link":"https:\/\/grupotextil.es\/en\/product\/yb50-twill-pocket-slim\/","title":{"rendered":"YB50 Twill Pocket Slim"},"content":{"rendered":"<p>Yellow bow 50 es una camisa de altas prestaciones confeccionada en nuestra fina sarga mezclada con un exclusivo tratamiento Easy Care a\u00f1adido y un alto \u00edndice de ausencia de arrugas. Cuello semi-cortado. Como siempre con costuras selladas y canes\u00fa dividido.<\/p>\n<p><strong>Composici\u00f3n:<\/strong> Tejido de sarga fina 60% Algod\u00f3n org\u00e1nico (blanco: 60% algod\u00f3n) \/ 40% Poli\u00e9ster reciclado, 135 g\/m\u00b2. Tratamiento Easy Care. Costuras principales selladas. Opci\u00f3n manga larga \/ manga corta. Botones altos de 4 mm de grosor. Pu\u00f1o de \u00e1ngel con orificio para gemelos. | <strong>Peso:<\/strong> 134 g\/m\u00b2 | <strong>Tallas:<\/strong> XS-XXL<\/p>","protected":false},"excerpt":{"rendered":"<p>Yellow bow 50 es una camisa de altas prestaciones confeccionada en nuestra fina sarga mezclada con un exclusivo tratamiento Easy Care a\u00f1adido y un alto \u00edndice de ausencia de arrugas. Cuello semi-cortado. Como siempre con costuras selladas y canes\u00fa di<\/p>","protected":false},"featured_media":236863,"comment_status":"open","ping_status":"closed","template":"","meta":{"_acf_changed":false},"product_brand":[10563],"product_cat":[13995],"product_tag":[],"class_list":{"0":"post-231403","1":"product","2":"type-product","3":"status-publish","4":"has-post-thumbnail","6":"product_brand-j-harvest-frost","7":"product_cat-n-camisetas","8":"tm-no-options","10":"first","11":"instock","12":"taxable","13":"shipping-taxable","14":"product-type-variable"},"acf":[],"_links":{"self":[{"href":"https:\/\/grupotextil.es\/en\/wp-json\/wp\/v2\/product\/231403","targetHints":{"allow":["GET"]}}],"collection":[{"href":"https:\/\/grupotextil.es\/en\/wp-json\/wp\/v2\/product"}],"about":[{"href":"https:\/\/grupotextil.es\/en\/wp-json\/wp\/v2\/types\/product"}],"replies":[{"embeddable":true,"href":"https:\/\/grupotextil.es\/en\/wp-json\/wp\/v2\/comments?post=231403"}],"wp:featuredmedia":[{"embeddable":true,"href":"https:\/\/grupotextil.es\/en\/wp-json\/wp\/v2\/media\/236863"}],"wp:attachment":[{"href":"https:\/\/grupotextil.es\/en\/wp-json\/wp\/v2\/media?parent=231403"}],"wp:term":[{"taxonomy":"product_brand","embeddable":true,"href":"https:\/\/grupotextil.es\/en\/wp-json\/wp\/v2\/product_brand?post=231403"},{"taxonomy":"product_cat","embeddable":true,"href":"https:\/\/grupotextil.es\/en\/wp-json\/wp\/v2\/product_cat?post=231403"},{"taxonomy":"product_tag","embeddable":true,"href":"https:\/\/grupotextil.es\/en\/wp-json\/wp\/v2\/product_tag?post=231403"}],"curies":[{"name":"wp","href":"https:\/\/api.w.org\/{rel}","templated":true}]}}