{"id":231458,"date":"2026-03-04T07:18:20","date_gmt":"2026-03-04T06:18:20","guid":{"rendered":"https:\/\/grupotextil.es\/producto\/6537-pantalon-elastico\/"},"modified":"2026-04-26T04:05:57","modified_gmt":"2026-04-26T02:05:57","slug":"6537-pantalon-elastico","status":"publish","type":"product","link":"https:\/\/grupotextil.es\/en\/product\/6537-pantalon-elastico\/","title":{"rendered":"6537 PANTAL\u00d3N EL\u00c1STICO"},"content":{"rendered":"<p>Pantal\u00f3n con tejido el\u00e1stico en la entrepierna para mayor flexibilidad. Amplios bolsillos laterales. Bolsillos en las piernas, en el lado izquierdo dos bolsillos con solapa y cierre con velcro, trabilla para sujetar la tarjeta de identificaci\u00f3n. En el lado derecho bolsillo para cinta m\u00e9trica y herramientas. Bolsillos traseros con solapa y cierre de velcro. La talla C42-C64 puede ampliarse 5 cm.<\/p>\n<p><strong>Composici\u00f3n:<\/strong> Tejido 1: 65% Poli\u00e9ster, 35% Algod\u00f3n  Tejido 2: 80% Poli\u00e9ster, 20% Algod\u00f3n  Tejido 3: 90% Poliamida, 10% Elastano | <strong>Tallas:<\/strong> C42-D120<\/p>","protected":false},"excerpt":{"rendered":"<p>Pantal\u00f3n con tejido el\u00e1stico en la entrepierna para mayor flexibilidad. Amplios bolsillos laterales. Bolsillos en las piernas, en el lado izquierdo dos bolsillos con solapa y cierre con velcro, trabilla para sujetar la tarjeta de identificaci\u00f3n. En e<\/p>","protected":false},"featured_media":236874,"comment_status":"open","ping_status":"closed","template":"","meta":{"_acf_changed":false},"product_brand":[10531],"product_cat":[13983],"product_tag":[],"class_list":{"0":"post-231458","1":"product","2":"type-product","3":"status-publish","4":"has-post-thumbnail","6":"product_brand-projob","7":"product_cat-h-pantalones","8":"tm-no-options","10":"first","11":"instock","12":"taxable","13":"shipping-taxable","14":"product-type-variable"},"acf":[],"_links":{"self":[{"href":"https:\/\/grupotextil.es\/en\/wp-json\/wp\/v2\/product\/231458","targetHints":{"allow":["GET"]}}],"collection":[{"href":"https:\/\/grupotextil.es\/en\/wp-json\/wp\/v2\/product"}],"about":[{"href":"https:\/\/grupotextil.es\/en\/wp-json\/wp\/v2\/types\/product"}],"replies":[{"embeddable":true,"href":"https:\/\/grupotextil.es\/en\/wp-json\/wp\/v2\/comments?post=231458"}],"wp:featuredmedia":[{"embeddable":true,"href":"https:\/\/grupotextil.es\/en\/wp-json\/wp\/v2\/media\/236874"}],"wp:attachment":[{"href":"https:\/\/grupotextil.es\/en\/wp-json\/wp\/v2\/media?parent=231458"}],"wp:term":[{"taxonomy":"product_brand","embeddable":true,"href":"https:\/\/grupotextil.es\/en\/wp-json\/wp\/v2\/product_brand?post=231458"},{"taxonomy":"product_cat","embeddable":true,"href":"https:\/\/grupotextil.es\/en\/wp-json\/wp\/v2\/product_cat?post=231458"},{"taxonomy":"product_tag","embeddable":true,"href":"https:\/\/grupotextil.es\/en\/wp-json\/wp\/v2\/product_tag?post=231458"}],"curies":[{"name":"wp","href":"https:\/\/api.w.org\/{rel}","templated":true}]}}