{"id":231466,"date":"2026-03-04T07:18:24","date_gmt":"2026-03-04T06:18:24","guid":{"rendered":"https:\/\/grupotextil.es\/producto\/supreme-classic-polo-woman\/"},"modified":"2026-05-03T04:06:50","modified_gmt":"2026-05-03T02:06:50","slug":"supreme-classic-polo-woman","status":"publish","type":"product","link":"https:\/\/grupotextil.es\/en\/product\/supreme-classic-polo-woman\/","title":{"rendered":"Supreme Classic Polo Woman"},"content":{"rendered":"<p>Confeccionado con algod\u00f3n 100 % org\u00e1nico de fibra larga, en una calidad piqu\u00e9 cl\u00e1sica. Las mangas acanaladas, el cuello acanalado y las aberturas laterales le dan un aspecto muy cl\u00e1sico y elegante a este polo. El tejido ha sido preencogido dos veces, lavado con enzimas y sometido a un tratamiento de silicona para garantizar una calidad duradera y crear un tacto suave.<\/p>\n<p><strong>Composici\u00f3n:<\/strong> 100% Algod\u00f3n Org\u00e1nico | <strong>Peso:<\/strong> 220 g\/m\u00b2 | <strong>Tallas:<\/strong> XS-3XL<\/p>","protected":false},"excerpt":{"rendered":"<p>Confeccionado con algod\u00f3n 100 % org\u00e1nico de fibra larga, en una calidad piqu\u00e9 cl\u00e1sica. Las mangas acanaladas, el cuello acanalado y las aberturas laterales le dan un aspecto muy cl\u00e1sico y elegante a este polo. El tejido ha sido preencogido dos veces,<\/p>","protected":false},"featured_media":236876,"comment_status":"open","ping_status":"closed","template":"","meta":{"_acf_changed":false},"product_brand":[10521],"product_cat":[13974,13975,13973],"product_tag":[],"class_list":{"0":"post-231466","1":"product","2":"type-product","3":"status-publish","4":"has-post-thumbnail","6":"product_brand-james-harvest","7":"product_cat-ropa-hombre","8":"product_cat-ropa-mujer","9":"product_cat-ropa","10":"tm-no-options","12":"first","13":"instock","14":"taxable","15":"shipping-taxable","16":"product-type-variable"},"acf":[],"_links":{"self":[{"href":"https:\/\/grupotextil.es\/en\/wp-json\/wp\/v2\/product\/231466","targetHints":{"allow":["GET"]}}],"collection":[{"href":"https:\/\/grupotextil.es\/en\/wp-json\/wp\/v2\/product"}],"about":[{"href":"https:\/\/grupotextil.es\/en\/wp-json\/wp\/v2\/types\/product"}],"replies":[{"embeddable":true,"href":"https:\/\/grupotextil.es\/en\/wp-json\/wp\/v2\/comments?post=231466"}],"wp:featuredmedia":[{"embeddable":true,"href":"https:\/\/grupotextil.es\/en\/wp-json\/wp\/v2\/media\/236876"}],"wp:attachment":[{"href":"https:\/\/grupotextil.es\/en\/wp-json\/wp\/v2\/media?parent=231466"}],"wp:term":[{"taxonomy":"product_brand","embeddable":true,"href":"https:\/\/grupotextil.es\/en\/wp-json\/wp\/v2\/product_brand?post=231466"},{"taxonomy":"product_cat","embeddable":true,"href":"https:\/\/grupotextil.es\/en\/wp-json\/wp\/v2\/product_cat?post=231466"},{"taxonomy":"product_tag","embeddable":true,"href":"https:\/\/grupotextil.es\/en\/wp-json\/wp\/v2\/product_tag?post=231466"}],"curies":[{"name":"wp","href":"https:\/\/api.w.org\/{rel}","templated":true}]}}