{"id":231472,"date":"2026-03-04T07:18:28","date_gmt":"2026-03-04T06:18:28","guid":{"rendered":"https:\/\/grupotextil.es\/producto\/yb56-twill-slim\/"},"modified":"2026-05-03T04:06:50","modified_gmt":"2026-05-03T02:06:50","slug":"yb56-twill-slim","status":"publish","type":"product","link":"https:\/\/grupotextil.es\/en\/product\/yb56-twill-slim\/","title":{"rendered":"YB56 Twill Slim"},"content":{"rendered":"<p>Una camisa de altas prestaciones confeccionada en una sarga mixta de materiales preferentes* con tratamiento Easy Care a\u00f1adido y modernos detalles en contraste. Tiene el cuello abotonado oculto y, como siempre, las camisas business de J.Harvest &amp; Frost vienen con costuras selladas y canes\u00fa dividido.<\/p>\n<p><strong>Composici\u00f3n:<\/strong> Colores lisos. 60% Algod\u00f3n org\u00e1nico, 40% Poli\u00e9ster reciclado. 134 g\/m2. Easy Care. Costuras principales selladas. Manga larga. Pu\u00f1o de \u00e1ngulo simple, con ojal extra para gemelos. | <strong>Peso:<\/strong> 134 g\/m\u00b2 | <strong>Tallas:<\/strong> XS-XXL<\/p>","protected":false},"excerpt":{"rendered":"<p>Una camisa de altas prestaciones confeccionada en una sarga mixta de materiales preferentes* con tratamiento Easy Care a\u00f1adido y modernos detalles en contraste. Tiene el cuello abotonado oculto y, como siempre, las camisas business de J.Harvest &amp; Fro<\/p>","protected":false},"featured_media":236877,"comment_status":"open","ping_status":"closed","template":"","meta":{"_acf_changed":false},"product_brand":[10563],"product_cat":[13995],"product_tag":[],"class_list":{"0":"post-231472","1":"product","2":"type-product","3":"status-publish","4":"has-post-thumbnail","6":"product_brand-j-harvest-frost","7":"product_cat-n-camisetas","8":"tm-no-options","10":"first","11":"instock","12":"taxable","13":"shipping-taxable","14":"product-type-variable"},"acf":[],"_links":{"self":[{"href":"https:\/\/grupotextil.es\/en\/wp-json\/wp\/v2\/product\/231472","targetHints":{"allow":["GET"]}}],"collection":[{"href":"https:\/\/grupotextil.es\/en\/wp-json\/wp\/v2\/product"}],"about":[{"href":"https:\/\/grupotextil.es\/en\/wp-json\/wp\/v2\/types\/product"}],"replies":[{"embeddable":true,"href":"https:\/\/grupotextil.es\/en\/wp-json\/wp\/v2\/comments?post=231472"}],"wp:featuredmedia":[{"embeddable":true,"href":"https:\/\/grupotextil.es\/en\/wp-json\/wp\/v2\/media\/236877"}],"wp:attachment":[{"href":"https:\/\/grupotextil.es\/en\/wp-json\/wp\/v2\/media?parent=231472"}],"wp:term":[{"taxonomy":"product_brand","embeddable":true,"href":"https:\/\/grupotextil.es\/en\/wp-json\/wp\/v2\/product_brand?post=231472"},{"taxonomy":"product_cat","embeddable":true,"href":"https:\/\/grupotextil.es\/en\/wp-json\/wp\/v2\/product_cat?post=231472"},{"taxonomy":"product_tag","embeddable":true,"href":"https:\/\/grupotextil.es\/en\/wp-json\/wp\/v2\/product_tag?post=231472"}],"curies":[{"name":"wp","href":"https:\/\/api.w.org\/{rel}","templated":true}]}}