{"id":231549,"date":"2026-03-04T07:19:21","date_gmt":"2026-03-04T06:19:21","guid":{"rendered":"https:\/\/grupotextil.es\/producto\/6416-chaqueta-tecnica-clase-3-2\/"},"modified":"2026-04-19T04:07:07","modified_gmt":"2026-04-19T02:07:07","slug":"6416-chaqueta-tecnica-clase-3-2","status":"publish","type":"product","link":"https:\/\/grupotextil.es\/en\/product\/6416-chaqueta-tecnica-clase-3-2\/","title":{"rendered":"6416 CHAQUETA T\u00c9CNICA CLASE 3\/2"},"content":{"rendered":"<p>Chaqueta funcional tercera capa, en material cortaviento e impermeable. Costuras selladas. Membrana Ventair, que confiere a la chaqueta una excelente transpirabilidad y comodidad. Cremallera impermeable en la parte delantera, con solapa cortaviento interna y protector de barbilla para evitar rozaduras. Bolsillo frontal en el lado derecho con gancho interno para sujetar la tarjeta de identificaci\u00f3n. Espalda alargada. Capucha cortaviento ajustable a dos sentidos con cord\u00f3n, que se ajusta por encima de un casco. Pu\u00f1os ajustables con velcro y cintura ajustable con cord\u00f3n.<\/p>\n<p><strong>Composici\u00f3n:<\/strong> 100% Poli\u00e9ster, 160 g\/m2 | <strong>Peso:<\/strong> 160 g\/m2 | <strong>Tallas:<\/strong> XS-4XL<\/p>","protected":false},"excerpt":{"rendered":"<p>Chaqueta funcional tercera capa, en material cortaviento e impermeable. Costuras selladas. Membrana Ventair, que confiere a la chaqueta una excelente transpirabilidad y comodidad. Cremallera impermeable en la parte delantera, con solapa cortaviento i<\/p>","protected":false},"featured_media":236887,"comment_status":"open","ping_status":"closed","template":"","meta":{"_acf_changed":false},"product_brand":[10531],"product_cat":[13998],"product_tag":[],"class_list":{"0":"post-231549","1":"product","2":"type-product","3":"status-publish","4":"has-post-thumbnail","6":"product_brand-projob","7":"product_cat-n-chaquetas","8":"tm-no-options","10":"first","11":"instock","12":"taxable","13":"shipping-taxable","14":"product-type-variable"},"acf":[],"_links":{"self":[{"href":"https:\/\/grupotextil.es\/en\/wp-json\/wp\/v2\/product\/231549","targetHints":{"allow":["GET"]}}],"collection":[{"href":"https:\/\/grupotextil.es\/en\/wp-json\/wp\/v2\/product"}],"about":[{"href":"https:\/\/grupotextil.es\/en\/wp-json\/wp\/v2\/types\/product"}],"replies":[{"embeddable":true,"href":"https:\/\/grupotextil.es\/en\/wp-json\/wp\/v2\/comments?post=231549"}],"wp:featuredmedia":[{"embeddable":true,"href":"https:\/\/grupotextil.es\/en\/wp-json\/wp\/v2\/media\/236887"}],"wp:attachment":[{"href":"https:\/\/grupotextil.es\/en\/wp-json\/wp\/v2\/media?parent=231549"}],"wp:term":[{"taxonomy":"product_brand","embeddable":true,"href":"https:\/\/grupotextil.es\/en\/wp-json\/wp\/v2\/product_brand?post=231549"},{"taxonomy":"product_cat","embeddable":true,"href":"https:\/\/grupotextil.es\/en\/wp-json\/wp\/v2\/product_cat?post=231549"},{"taxonomy":"product_tag","embeddable":true,"href":"https:\/\/grupotextil.es\/en\/wp-json\/wp\/v2\/product_tag?post=231549"}],"curies":[{"name":"wp","href":"https:\/\/api.w.org\/{rel}","templated":true}]}}