{"id":231553,"date":"2026-03-04T07:19:25","date_gmt":"2026-03-04T06:19:25","guid":{"rendered":"https:\/\/grupotextil.es\/producto\/6543-pantalon-mujer-clase-1\/"},"modified":"2026-04-19T04:07:07","modified_gmt":"2026-04-19T02:07:07","slug":"6543-pantalon-mujer-clase-1","status":"publish","type":"product","link":"https:\/\/grupotextil.es\/en\/product\/6543-pantalon-mujer-clase-1\/","title":{"rendered":"6543 PANTAL\u00d3N MUJER CLASE 1"},"content":{"rendered":"<p>Pantal\u00f3n el\u00e1stico para una m\u00e1xima libertad de movimientos. Corte moderno. El\u00e1stico en muslos, espalda y laterales para una mayor comodidad. Bolsillos tipo funda con compartimentos adicionales y refuerzo interior de Cordura\u00ae; si se desea, se pueden quitar los bolsillos tipo funda descosiendo la costura de contraste de la parte trasera. Amplios bolsillos en pierna a ambos lados. Bolsillo en la pierna izquierda para herramientas y bol\u00edgrafos, bolsillo para m\u00f3vil con cierre magn\u00e9tico y gancho para tarjeta de identificaci\u00f3n. En el lado derecho bolsillo para cinta m\u00e9trica y bolsillo para herramientas con bot\u00f3n. Posibilidad de a\u00f1adir equipo complementario mediante velcro. Rodillas precurvadas. Bolsillos de protecci\u00f3n de rodillas regulables a dos alturas, con apertura desde el interior. Bolsillos tipo funda, bolsillos traseros, y rodillas (hasta los muslos) reforzados en Cordura\u00ae para una mayor durabilidad. Segmentos reflectantes 3M. Deshaciendo la costura roja del dobladillo, el pantal\u00f3n puede alargarse 5 cm.<\/p>\n<p><strong>Composici\u00f3n:<\/strong> Tejido 1: 92% Poliamida, 8% Spandex &#8211; 250 g\/m2 Tejido 2: 100% Poliamida Tejido 3: 80% Poli\u00e9ster, 20% Algod\u00f3n &#8211; 245 g\/m2  Refuerzos: 100% Cordura\u00ae | <strong>Tallas:<\/strong> C34-C50<\/p>","protected":false},"excerpt":{"rendered":"<p>Pantal\u00f3n el\u00e1stico para una m\u00e1xima libertad de movimientos. Corte moderno. El\u00e1stico en muslos, espalda y laterales para una mayor comodidad. Bolsillos tipo funda con compartimentos adicionales y refuerzo interior de Cordura\u00ae; si se desea, se pueden qu<\/p>","protected":false},"featured_media":236888,"comment_status":"open","ping_status":"closed","template":"","meta":{"_acf_changed":false},"product_brand":[10531],"product_cat":[13983],"product_tag":[],"class_list":{"0":"post-231553","1":"product","2":"type-product","3":"status-publish","4":"has-post-thumbnail","6":"product_brand-projob","7":"product_cat-h-pantalones","8":"tm-no-options","10":"first","11":"instock","12":"taxable","13":"shipping-taxable","14":"product-type-variable"},"acf":[],"_links":{"self":[{"href":"https:\/\/grupotextil.es\/en\/wp-json\/wp\/v2\/product\/231553","targetHints":{"allow":["GET"]}}],"collection":[{"href":"https:\/\/grupotextil.es\/en\/wp-json\/wp\/v2\/product"}],"about":[{"href":"https:\/\/grupotextil.es\/en\/wp-json\/wp\/v2\/types\/product"}],"replies":[{"embeddable":true,"href":"https:\/\/grupotextil.es\/en\/wp-json\/wp\/v2\/comments?post=231553"}],"wp:featuredmedia":[{"embeddable":true,"href":"https:\/\/grupotextil.es\/en\/wp-json\/wp\/v2\/media\/236888"}],"wp:attachment":[{"href":"https:\/\/grupotextil.es\/en\/wp-json\/wp\/v2\/media?parent=231553"}],"wp:term":[{"taxonomy":"product_brand","embeddable":true,"href":"https:\/\/grupotextil.es\/en\/wp-json\/wp\/v2\/product_brand?post=231553"},{"taxonomy":"product_cat","embeddable":true,"href":"https:\/\/grupotextil.es\/en\/wp-json\/wp\/v2\/product_cat?post=231553"},{"taxonomy":"product_tag","embeddable":true,"href":"https:\/\/grupotextil.es\/en\/wp-json\/wp\/v2\/product_tag?post=231553"}],"curies":[{"name":"wp","href":"https:\/\/api.w.org\/{rel}","templated":true}]}}