{"id":231595,"date":"2026-03-04T07:19:53","date_gmt":"2026-03-04T06:19:53","guid":{"rendered":"https:\/\/grupotextil.es\/producto\/6111-sudadera-de-mujer-en-iso-20471-clase-3-2\/"},"modified":"2026-04-19T04:07:07","modified_gmt":"2026-04-19T02:07:07","slug":"6111-sudadera-de-mujer-en-iso-20471-clase-3-2","status":"publish","type":"product","link":"https:\/\/grupotextil.es\/en\/product\/6111-sudadera-de-mujer-en-iso-20471-clase-3-2\/","title":{"rendered":"6111 SUDADERA DE MUJER EN ISO 20471 CLASE 3\/2"},"content":{"rendered":"<p>Sudadera en un atractivo material t\u00e9cnico. Cremallera entera y resistente hasta el cuello en la parte delantera. Color a contraste en los hombros y la parte inferior de la espalda. Ajuste ce\u00f1ido para una m\u00e1xima libertad de movimientos. Softshell el\u00e1stico en la parte inferior de la espalda para mayor comodidad. Amplios bolsillos laterales con cremallera, tambi\u00e9n amplios bolsillos interiores de malla. Pu\u00f1o adicional en los extremos de las mangas en material softshell con agarre para el pulgar. Segmentos reflectantes en 3M, tambi\u00e9n sobre los hombros.<\/p>\n<p><strong>Composici\u00f3n:<\/strong> 100% Poli\u00e9ster 280 g\/m2 | <strong>Peso:<\/strong> 280 g\/m2 | <strong>Tallas:<\/strong> XS-3XL<\/p>","protected":false},"excerpt":{"rendered":"<p>Sudadera en un atractivo material t\u00e9cnico. Cremallera entera y resistente hasta el cuello en la parte delantera. Color a contraste en los hombros y la parte inferior de la espalda. Ajuste ce\u00f1ido para una m\u00e1xima libertad de movimientos. Softshell el\u00e1s<\/p>","protected":false},"featured_media":236897,"comment_status":"open","ping_status":"closed","template":"","meta":{"_acf_changed":false},"product_brand":[10531],"product_cat":[13981,13990,13974,13932,13930,13975,13935,13973],"product_tag":[],"class_list":{"0":"post-231595","1":"product","2":"type-product","3":"status-publish","4":"has-post-thumbnail","6":"product_brand-projob","7":"product_cat-h-chaquetas-y-abrigos","8":"product_cat-m-chaquetas-y-abrigos","9":"product_cat-ropa-hombre","10":"product_cat-hosteleria-horeca","11":"product_cat-laboral","12":"product_cat-ropa-mujer","13":"product_cat-pantalones-cocina","14":"product_cat-ropa","15":"tm-no-options","17":"first","18":"instock","19":"taxable","20":"shipping-taxable","21":"product-type-variable"},"acf":[],"_links":{"self":[{"href":"https:\/\/grupotextil.es\/en\/wp-json\/wp\/v2\/product\/231595","targetHints":{"allow":["GET"]}}],"collection":[{"href":"https:\/\/grupotextil.es\/en\/wp-json\/wp\/v2\/product"}],"about":[{"href":"https:\/\/grupotextil.es\/en\/wp-json\/wp\/v2\/types\/product"}],"replies":[{"embeddable":true,"href":"https:\/\/grupotextil.es\/en\/wp-json\/wp\/v2\/comments?post=231595"}],"wp:featuredmedia":[{"embeddable":true,"href":"https:\/\/grupotextil.es\/en\/wp-json\/wp\/v2\/media\/236897"}],"wp:attachment":[{"href":"https:\/\/grupotextil.es\/en\/wp-json\/wp\/v2\/media?parent=231595"}],"wp:term":[{"taxonomy":"product_brand","embeddable":true,"href":"https:\/\/grupotextil.es\/en\/wp-json\/wp\/v2\/product_brand?post=231595"},{"taxonomy":"product_cat","embeddable":true,"href":"https:\/\/grupotextil.es\/en\/wp-json\/wp\/v2\/product_cat?post=231595"},{"taxonomy":"product_tag","embeddable":true,"href":"https:\/\/grupotextil.es\/en\/wp-json\/wp\/v2\/product_tag?post=231595"}],"curies":[{"name":"wp","href":"https:\/\/api.w.org\/{rel}","templated":true}]}}